{"id":18744,"date":"2026-05-11T17:07:52","date_gmt":"2026-05-11T14:07:52","guid":{"rendered":"https:\/\/ursus.ee\/toode\/kauss-kaanega-3l-grandchef\/"},"modified":"2026-05-14T14:49:05","modified_gmt":"2026-05-14T11:49:05","slug":"kauss-kaanega-3l-grandchef","status":"publish","type":"product","link":"https:\/\/ursus.ee\/en\/toode\/kauss-kaanega-3l-grandchef\/","title":{"rendered":"Kauss kaanega 3L Grandchef"},"content":{"rendered":"<p>Kvaliteetsest roostevabast materjalist kauss hermeetilise plastikkaanega. Silikoonist libisemisvastane p\u00f5hi. L\u00e4bim\u00f5\u00f5t 20cm, maht 3,0 liitrit. Pestav n\u00f5udepesumasinas. 3-aastane garantii.<\/p>\n","protected":false},"excerpt":{"rendered":"<p>Kvaliteetsest roostevabast materjalist kauss hermeetilise plastikkaanega. Silikoonist libisemisvastane p\u00f5hi. L\u00e4bim\u00f5\u00f5t 20cm, maht 3,0 liitrit. Pestav n\u00f5udepesumasinas. 3-aastane garantii.<\/p>\n","protected":false},"featured_media":18745,"comment_status":"closed","ping_status":"open","template":"","meta":{"_acf_changed":false},"product_brand":[840],"product_cat":[848],"product_tag":[],"class_list":{"0":"post-18744","1":"product","2":"type-product","3":"status-publish","4":"has-post-thumbnail","6":"product_brand-tescoma","7":"product_cat-kupsetustarvikud","8":"pa_paritolumaa-hiina","9":"pa_uhik-tk","11":"first","12":"instock","13":"purchasable","14":"product-type-simple"},"acf":[],"_links":{"self":[{"href":"https:\/\/ursus.ee\/en\/wp-json\/wp\/v2\/product\/18744","targetHints":{"allow":["GET"]}}],"collection":[{"href":"https:\/\/ursus.ee\/en\/wp-json\/wp\/v2\/product"}],"about":[{"href":"https:\/\/ursus.ee\/en\/wp-json\/wp\/v2\/types\/product"}],"replies":[{"embeddable":true,"href":"https:\/\/ursus.ee\/en\/wp-json\/wp\/v2\/comments?post=18744"}],"wp:featuredmedia":[{"embeddable":true,"href":"https:\/\/ursus.ee\/en\/wp-json\/wp\/v2\/media\/18745"}],"wp:attachment":[{"href":"https:\/\/ursus.ee\/en\/wp-json\/wp\/v2\/media?parent=18744"}],"wp:term":[{"taxonomy":"product_brand","embeddable":true,"href":"https:\/\/ursus.ee\/en\/wp-json\/wp\/v2\/product_brand?post=18744"},{"taxonomy":"product_cat","embeddable":true,"href":"https:\/\/ursus.ee\/en\/wp-json\/wp\/v2\/product_cat?post=18744"},{"taxonomy":"product_tag","embeddable":true,"href":"https:\/\/ursus.ee\/en\/wp-json\/wp\/v2\/product_tag?post=18744"}],"curies":[{"name":"wp","href":"https:\/\/api.w.org\/{rel}","templated":true}]}}