{"id":18741,"date":"2026-05-11T17:07:52","date_gmt":"2026-05-11T14:07:52","guid":{"rendered":"https:\/\/ursus.ee\/toode\/ravioolivorm-kandiline-delicia-10-le\/"},"modified":"2026-05-14T14:49:06","modified_gmt":"2026-05-14T11:49:06","slug":"ravioolivorm-kandiline-delicia-10-le","status":"publish","type":"product","link":"https:\/\/ursus.ee\/en\/toode\/ravioolivorm-kandiline-delicia-10-le\/","title":{"rendered":"Ravioolivorm kandiline Delicia 10-le"},"content":{"rendered":"<p>Spetsiaalne vorm Itaaliap\u00e4raste t\u00e4idetud kandiliste ravioolide valmistamiseks. Aseta kandiline pastataigen vormile ja suru kergelt selle aukudesse, laota sisu avadesse ja kata teise kandilise taignat\u00fckiga. Seej\u00e4rel rulli taignarulliga kergete liigutustega. \u00dche vormiga saab valmistada 10 raviooli. Plastikvorm on nakkumisvastase t\u00f6\u00f6tlusega. Valmistatud vastupidavast plastikust. Pestav n\u00f5udepesumasinas. BPA vaba koostis. Toote pakend sisaldab detailset kasutusjuhendit ja retsepte. Vormi m\u00f5\u00f5dud 27&#215;11 cm.<\/p>\n","protected":false},"excerpt":{"rendered":"<p>Spetsiaalne vorm Itaaliap\u00e4raste t\u00e4idetud kandiliste ravioolide valmistamiseks. Aseta kandiline pastataigen vormile ja suru kergelt selle aukudesse, laota sisu avadesse ja kata teise kandilise taignat\u00fckiga. Seej\u00e4rel rulli taignarulliga kergete liigutustega. \u00dche vormiga saab valmistada 10 raviooli. Plastikvorm on nakkumisvastase t\u00f6\u00f6tlusega. Valmistatud vastupidavast plastikust. Pestav n\u00f5udepesumasinas. BPA vaba koostis. Toote pakend sisaldab detailset kasutusjuhendit ja retsepte. Vormi<\/p>\n","protected":false},"featured_media":18742,"comment_status":"closed","ping_status":"open","template":"","meta":{"_acf_changed":false},"product_brand":[840],"product_cat":[848],"product_tag":[],"class_list":{"0":"post-18741","1":"product","2":"type-product","3":"status-publish","4":"has-post-thumbnail","6":"product_brand-tescoma","7":"product_cat-kupsetustarvikud","8":"pa_paritolumaa-hiina","9":"pa_uhik-tk","11":"first","12":"instock","13":"purchasable","14":"product-type-simple"},"acf":[],"_links":{"self":[{"href":"https:\/\/ursus.ee\/en\/wp-json\/wp\/v2\/product\/18741","targetHints":{"allow":["GET"]}}],"collection":[{"href":"https:\/\/ursus.ee\/en\/wp-json\/wp\/v2\/product"}],"about":[{"href":"https:\/\/ursus.ee\/en\/wp-json\/wp\/v2\/types\/product"}],"replies":[{"embeddable":true,"href":"https:\/\/ursus.ee\/en\/wp-json\/wp\/v2\/comments?post=18741"}],"wp:featuredmedia":[{"embeddable":true,"href":"https:\/\/ursus.ee\/en\/wp-json\/wp\/v2\/media\/18742"}],"wp:attachment":[{"href":"https:\/\/ursus.ee\/en\/wp-json\/wp\/v2\/media?parent=18741"}],"wp:term":[{"taxonomy":"product_brand","embeddable":true,"href":"https:\/\/ursus.ee\/en\/wp-json\/wp\/v2\/product_brand?post=18741"},{"taxonomy":"product_cat","embeddable":true,"href":"https:\/\/ursus.ee\/en\/wp-json\/wp\/v2\/product_cat?post=18741"},{"taxonomy":"product_tag","embeddable":true,"href":"https:\/\/ursus.ee\/en\/wp-json\/wp\/v2\/product_tag?post=18741"}],"curies":[{"name":"wp","href":"https:\/\/api.w.org\/{rel}","templated":true}]}}