{"id":18738,"date":"2026-05-11T17:07:52","date_gmt":"2026-05-11T14:07:52","guid":{"rendered":"https:\/\/ursus.ee\/toode\/makroonimatt-silikoonist-delicia\/"},"modified":"2026-05-14T14:49:05","modified_gmt":"2026-05-14T11:49:05","slug":"makroonimatt-silikoonist-delicia","status":"publish","type":"product","link":"https:\/\/ursus.ee\/en\/toode\/makroonimatt-silikoonist-delicia\/","title":{"rendered":"Makroonimatt silikoonist Delicia"},"content":{"rendered":"<p>Matt sobib ideaalselt makroonide v\u00f5i k\u00fcpsiste valmistamiseks. Matile on m\u00e4rgitud \u00fchesuurused ringid, mis v\u00f5imaldab valmistada ideaalselt identseid k\u00fcpsetisi. Matt tagab \u00fchtlase k\u00fcpetamistulemuse ning takistab k\u00f5rbemist. K\u00fcpsetiste valmimisel on pannilt eemaldamine lihtne ja kiire, lihtsalt p\u00f6\u00f6ra matt \u00fcmber. Valmistatud temperatuurikindlast silikoonist, sobib kasutamiseks kuni 230 \u00b0C juures. Silikoonmatti on kerge puhastada &#8211; lihtsalt loputa kergelt puhtaks. Sobib kasutamiseks ka n\u00f5udepesumasinas. V\u00e4ga ruumis\u00e4\u00e4stlik. Sobib kasutamiseks gaasi-, elektri- ja kuuma\u00f5huahjudes. Pakendisse on lisatud ka retseptid. 3-aastane garantii. Mati m\u00f5\u00f5dud 27&#215;39 cm.<\/p>\n","protected":false},"excerpt":{"rendered":"<p>Matt sobib ideaalselt makroonide v\u00f5i k\u00fcpsiste valmistamiseks. Matile on m\u00e4rgitud \u00fchesuurused ringid, mis v\u00f5imaldab valmistada ideaalselt identseid k\u00fcpsetisi. Matt tagab \u00fchtlase k\u00fcpetamistulemuse ning takistab k\u00f5rbemist. K\u00fcpsetiste valmimisel on pannilt eemaldamine lihtne ja kiire, lihtsalt p\u00f6\u00f6ra matt \u00fcmber. Valmistatud temperatuurikindlast silikoonist, sobib kasutamiseks kuni 230 \u00b0C juures. Silikoonmatti on kerge puhastada &#8211; lihtsalt loputa kergelt puhtaks.<\/p>\n","protected":false},"featured_media":18739,"comment_status":"closed","ping_status":"open","template":"","meta":{"_acf_changed":false},"product_brand":[840],"product_cat":[848],"product_tag":[],"class_list":{"0":"post-18738","1":"product","2":"type-product","3":"status-publish","4":"has-post-thumbnail","6":"product_brand-tescoma","7":"product_cat-kupsetustarvikud","8":"pa_paritolumaa-hiina","9":"pa_uhik-tk","11":"first","12":"instock","13":"purchasable","14":"product-type-simple"},"acf":[],"_links":{"self":[{"href":"https:\/\/ursus.ee\/en\/wp-json\/wp\/v2\/product\/18738","targetHints":{"allow":["GET"]}}],"collection":[{"href":"https:\/\/ursus.ee\/en\/wp-json\/wp\/v2\/product"}],"about":[{"href":"https:\/\/ursus.ee\/en\/wp-json\/wp\/v2\/types\/product"}],"replies":[{"embeddable":true,"href":"https:\/\/ursus.ee\/en\/wp-json\/wp\/v2\/comments?post=18738"}],"wp:featuredmedia":[{"embeddable":true,"href":"https:\/\/ursus.ee\/en\/wp-json\/wp\/v2\/media\/18739"}],"wp:attachment":[{"href":"https:\/\/ursus.ee\/en\/wp-json\/wp\/v2\/media?parent=18738"}],"wp:term":[{"taxonomy":"product_brand","embeddable":true,"href":"https:\/\/ursus.ee\/en\/wp-json\/wp\/v2\/product_brand?post=18738"},{"taxonomy":"product_cat","embeddable":true,"href":"https:\/\/ursus.ee\/en\/wp-json\/wp\/v2\/product_cat?post=18738"},{"taxonomy":"product_tag","embeddable":true,"href":"https:\/\/ursus.ee\/en\/wp-json\/wp\/v2\/product_tag?post=18738"}],"curies":[{"name":"wp","href":"https:\/\/api.w.org\/{rel}","templated":true}]}}