{"id":18735,"date":"2026-05-11T17:07:52","date_gmt":"2026-05-11T14:07:52","guid":{"rendered":"https:\/\/ursus.ee\/toode\/kergitusnou-taignale-delicia-26cm\/"},"modified":"2026-05-14T14:49:04","modified_gmt":"2026-05-14T11:49:04","slug":"kergitusnou-taignale-delicia-26cm","status":"publish","type":"product","link":"https:\/\/ursus.ee\/en\/toode\/kergitusnou-taignale-delicia-26cm\/","title":{"rendered":"Kergitusn\u00f5u taignale Delicia 26cm"},"content":{"rendered":"<p>Spetsiaalse kergitusn\u00f5u abil on v\u00f5imalik kiiresti p\u00e4rmitaigen kerkima panna &#8211; suletud geeloojendusega kausis segunevad toiduained kiiresti ja taigen kerkib \u00fchtlaselt. Padja soojendamiseks aseta see mikrolaineahju. Kerkivuse kontrollimiseks pole vaja anuma kaant avada. Kausi kaan t\u00f5useb \u00fcles piisava kerkivuse korral. Kauss on pestav n\u00f5udepesumasinas, kausi kaan ja geelsoojenduspadi ei ole pestavad n\u00f5udepesumasinas. Toote pakend sisaldab detailset kasutusjuhendit ja retsepte. Kausi l\u00e4bim\u00f5\u00f5t 26cm.<\/p>\n","protected":false},"excerpt":{"rendered":"<p>Spetsiaalse kergitusn\u00f5u abil on v\u00f5imalik kiiresti p\u00e4rmitaigen kerkima panna &#8211; suletud geeloojendusega kausis segunevad toiduained kiiresti ja taigen kerkib \u00fchtlaselt. Padja soojendamiseks aseta see mikrolaineahju. Kerkivuse kontrollimiseks pole vaja anuma kaant avada. Kausi kaan t\u00f5useb \u00fcles piisava kerkivuse korral. Kauss on pestav n\u00f5udepesumasinas, kausi kaan ja geelsoojenduspadi ei ole pestavad n\u00f5udepesumasinas. Toote pakend sisaldab detailset<\/p>\n","protected":false},"featured_media":18736,"comment_status":"closed","ping_status":"open","template":"","meta":{"_acf_changed":false},"product_brand":[840],"product_cat":[848],"product_tag":[],"class_list":{"0":"post-18735","1":"product","2":"type-product","3":"status-publish","4":"has-post-thumbnail","6":"product_brand-tescoma","7":"product_cat-kupsetustarvikud","8":"pa_paritolumaa-hiina","9":"pa_uhik-tk","11":"first","12":"instock","13":"purchasable","14":"product-type-simple"},"acf":[],"_links":{"self":[{"href":"https:\/\/ursus.ee\/en\/wp-json\/wp\/v2\/product\/18735","targetHints":{"allow":["GET"]}}],"collection":[{"href":"https:\/\/ursus.ee\/en\/wp-json\/wp\/v2\/product"}],"about":[{"href":"https:\/\/ursus.ee\/en\/wp-json\/wp\/v2\/types\/product"}],"replies":[{"embeddable":true,"href":"https:\/\/ursus.ee\/en\/wp-json\/wp\/v2\/comments?post=18735"}],"wp:featuredmedia":[{"embeddable":true,"href":"https:\/\/ursus.ee\/en\/wp-json\/wp\/v2\/media\/18736"}],"wp:attachment":[{"href":"https:\/\/ursus.ee\/en\/wp-json\/wp\/v2\/media?parent=18735"}],"wp:term":[{"taxonomy":"product_brand","embeddable":true,"href":"https:\/\/ursus.ee\/en\/wp-json\/wp\/v2\/product_brand?post=18735"},{"taxonomy":"product_cat","embeddable":true,"href":"https:\/\/ursus.ee\/en\/wp-json\/wp\/v2\/product_cat?post=18735"},{"taxonomy":"product_tag","embeddable":true,"href":"https:\/\/ursus.ee\/en\/wp-json\/wp\/v2\/product_tag?post=18735"}],"curies":[{"name":"wp","href":"https:\/\/api.w.org\/{rel}","templated":true}]}}