{"id":18732,"date":"2026-05-11T17:07:52","date_gmt":"2026-05-11T14:07:52","guid":{"rendered":"https:\/\/ursus.ee\/toode\/taignaloikur-4-teraga-delicia\/"},"modified":"2026-05-14T14:49:07","modified_gmt":"2026-05-14T11:49:07","slug":"taignaloikur-4-teraga-delicia","status":"publish","type":"product","link":"https:\/\/ursus.ee\/en\/toode\/taignaloikur-4-teraga-delicia\/","title":{"rendered":"Taignal\u00f5ikur 4 teraga Delicia"},"content":{"rendered":"<p>Nelja erineva teraga taignal\u00f5ikur v\u00f5imaldab taignast l\u00f5igata erinevaid ribasid. Sobilik kasutamiseks k\u00f5ikidel pindadel ja k\u00fcpsetuspannidel, kuna ei kahjusta nende pinda. Valmistatud vastupidavast plastikmaterjalist.<\/p>\n","protected":false},"excerpt":{"rendered":"<p>Nelja erineva teraga taignal\u00f5ikur v\u00f5imaldab taignast l\u00f5igata erinevaid ribasid. Sobilik kasutamiseks k\u00f5ikidel pindadel ja k\u00fcpsetuspannidel, kuna ei kahjusta nende pinda. Valmistatud vastupidavast plastikmaterjalist.<\/p>\n","protected":false},"featured_media":18733,"comment_status":"closed","ping_status":"open","template":"","meta":{"_acf_changed":false},"product_brand":[840],"product_cat":[848],"product_tag":[],"class_list":{"0":"post-18732","1":"product","2":"type-product","3":"status-publish","4":"has-post-thumbnail","6":"product_brand-tescoma","7":"product_cat-kupsetustarvikud","8":"pa_paritolumaa-hiina","9":"pa_uhik-tk","11":"first","12":"instock","13":"purchasable","14":"product-type-simple"},"acf":[],"_links":{"self":[{"href":"https:\/\/ursus.ee\/en\/wp-json\/wp\/v2\/product\/18732","targetHints":{"allow":["GET"]}}],"collection":[{"href":"https:\/\/ursus.ee\/en\/wp-json\/wp\/v2\/product"}],"about":[{"href":"https:\/\/ursus.ee\/en\/wp-json\/wp\/v2\/types\/product"}],"replies":[{"embeddable":true,"href":"https:\/\/ursus.ee\/en\/wp-json\/wp\/v2\/comments?post=18732"}],"wp:featuredmedia":[{"embeddable":true,"href":"https:\/\/ursus.ee\/en\/wp-json\/wp\/v2\/media\/18733"}],"wp:attachment":[{"href":"https:\/\/ursus.ee\/en\/wp-json\/wp\/v2\/media?parent=18732"}],"wp:term":[{"taxonomy":"product_brand","embeddable":true,"href":"https:\/\/ursus.ee\/en\/wp-json\/wp\/v2\/product_brand?post=18732"},{"taxonomy":"product_cat","embeddable":true,"href":"https:\/\/ursus.ee\/en\/wp-json\/wp\/v2\/product_cat?post=18732"},{"taxonomy":"product_tag","embeddable":true,"href":"https:\/\/ursus.ee\/en\/wp-json\/wp\/v2\/product_tag?post=18732"}],"curies":[{"name":"wp","href":"https:\/\/api.w.org\/{rel}","templated":true}]}}