{"id":18729,"date":"2026-05-11T17:07:52","date_gmt":"2026-05-11T14:07:52","guid":{"rendered":"https:\/\/ursus.ee\/toode\/segamiskauss-kaanega-delicia-12l\/"},"modified":"2026-05-14T14:49:06","modified_gmt":"2026-05-14T11:49:06","slug":"segamiskauss-kaanega-delicia-12l","status":"publish","type":"product","link":"https:\/\/ursus.ee\/en\/toode\/segamiskauss-kaanega-delicia-12l\/","title":{"rendered":"Segamiskauss kaanega Delicia 1,2L"},"content":{"rendered":"<p>Spetsiaalne segamisanum miksritele v\u00f5i saumiksrile, et v\u00e4ltida soovimatute pritsmete lendlemist. Anuma kaanel olevat va on v\u00f5imalik reguleerida 4 erinevasse astmesse (suletud, v\u00e4ike ava, suur ava, lahti). Segemisanumal on suur k\u00e4epide, mugav valamistila ja libisemisevastane p\u00f5hi. Valmistatud vastupidavast plastikmaterjalist. Maht 1,2 liitrit.<\/p>\n","protected":false},"excerpt":{"rendered":"<p>Spetsiaalne segamisanum miksritele v\u00f5i saumiksrile, et v\u00e4ltida soovimatute pritsmete lendlemist. Anuma kaanel olevat va on v\u00f5imalik reguleerida 4 erinevasse astmesse (suletud, v\u00e4ike ava, suur ava, lahti). Segemisanumal on suur k\u00e4epide, mugav valamistila ja libisemisevastane p\u00f5hi. Valmistatud vastupidavast plastikmaterjalist. Maht 1,2 liitrit.<\/p>\n","protected":false},"featured_media":18730,"comment_status":"closed","ping_status":"open","template":"","meta":{"_acf_changed":false},"product_brand":[840],"product_cat":[848],"product_tag":[],"class_list":{"0":"post-18729","1":"product","2":"type-product","3":"status-publish","4":"has-post-thumbnail","6":"product_brand-tescoma","7":"product_cat-kupsetustarvikud","8":"pa_paritolumaa-hiina","9":"pa_uhik-tk","11":"first","12":"instock","13":"purchasable","14":"product-type-simple"},"acf":[],"_links":{"self":[{"href":"https:\/\/ursus.ee\/en\/wp-json\/wp\/v2\/product\/18729","targetHints":{"allow":["GET"]}}],"collection":[{"href":"https:\/\/ursus.ee\/en\/wp-json\/wp\/v2\/product"}],"about":[{"href":"https:\/\/ursus.ee\/en\/wp-json\/wp\/v2\/types\/product"}],"replies":[{"embeddable":true,"href":"https:\/\/ursus.ee\/en\/wp-json\/wp\/v2\/comments?post=18729"}],"wp:featuredmedia":[{"embeddable":true,"href":"https:\/\/ursus.ee\/en\/wp-json\/wp\/v2\/media\/18730"}],"wp:attachment":[{"href":"https:\/\/ursus.ee\/en\/wp-json\/wp\/v2\/media?parent=18729"}],"wp:term":[{"taxonomy":"product_brand","embeddable":true,"href":"https:\/\/ursus.ee\/en\/wp-json\/wp\/v2\/product_brand?post=18729"},{"taxonomy":"product_cat","embeddable":true,"href":"https:\/\/ursus.ee\/en\/wp-json\/wp\/v2\/product_cat?post=18729"},{"taxonomy":"product_tag","embeddable":true,"href":"https:\/\/ursus.ee\/en\/wp-json\/wp\/v2\/product_tag?post=18729"}],"curies":[{"name":"wp","href":"https:\/\/api.w.org\/{rel}","templated":true}]}}