{"id":18727,"date":"2026-05-11T17:07:52","date_gmt":"2026-05-11T14:07:52","guid":{"rendered":"https:\/\/ursus.ee\/toode\/jahu-ja-tuhksuhkru-soeluja-delicia\/"},"modified":"2026-05-14T14:49:04","modified_gmt":"2026-05-14T11:49:04","slug":"jahu-ja-tuhksuhkru-soeluja-delicia","status":"publish","type":"product","link":"https:\/\/ursus.ee\/en\/toode\/jahu-ja-tuhksuhkru-soeluja-delicia\/","title":{"rendered":"Jahu ja tuhksuhkru s\u00f5eluja Delicia"},"content":{"rendered":"<p>Jahu ja tuhksuhkru kiireks s\u00f5elumiseks. S\u00f5elal on p\u00f5hja all alus ning pealepandav kaas, mis v\u00f5imaldab kasutamata sisu h\u00f5lpsalt s\u00e4ilitada. Valmistatud vastupidavast plastikust. N\u00f5udepesumasinas pestav. 3-aastane garantii.<\/p>\n","protected":false},"excerpt":{"rendered":"<p>Jahu ja tuhksuhkru kiireks s\u00f5elumiseks. S\u00f5elal on p\u00f5hja all alus ning pealepandav kaas, mis v\u00f5imaldab kasutamata sisu h\u00f5lpsalt s\u00e4ilitada. Valmistatud vastupidavast plastikust. N\u00f5udepesumasinas pestav. 3-aastane garantii.<\/p>\n","protected":false},"featured_media":18728,"comment_status":"closed","ping_status":"open","template":"","meta":{"_acf_changed":false},"product_brand":[840],"product_cat":[848],"product_tag":[],"class_list":{"0":"post-18727","1":"product","2":"type-product","3":"status-publish","4":"has-post-thumbnail","6":"product_brand-tescoma","7":"product_cat-kupsetustarvikud","8":"pa_paritolumaa-hiina","9":"pa_uhik-tk","11":"first","12":"instock","13":"purchasable","14":"product-type-simple"},"acf":[],"_links":{"self":[{"href":"https:\/\/ursus.ee\/en\/wp-json\/wp\/v2\/product\/18727","targetHints":{"allow":["GET"]}}],"collection":[{"href":"https:\/\/ursus.ee\/en\/wp-json\/wp\/v2\/product"}],"about":[{"href":"https:\/\/ursus.ee\/en\/wp-json\/wp\/v2\/types\/product"}],"replies":[{"embeddable":true,"href":"https:\/\/ursus.ee\/en\/wp-json\/wp\/v2\/comments?post=18727"}],"wp:featuredmedia":[{"embeddable":true,"href":"https:\/\/ursus.ee\/en\/wp-json\/wp\/v2\/media\/18728"}],"wp:attachment":[{"href":"https:\/\/ursus.ee\/en\/wp-json\/wp\/v2\/media?parent=18727"}],"wp:term":[{"taxonomy":"product_brand","embeddable":true,"href":"https:\/\/ursus.ee\/en\/wp-json\/wp\/v2\/product_brand?post=18727"},{"taxonomy":"product_cat","embeddable":true,"href":"https:\/\/ursus.ee\/en\/wp-json\/wp\/v2\/product_cat?post=18727"},{"taxonomy":"product_tag","embeddable":true,"href":"https:\/\/ursus.ee\/en\/wp-json\/wp\/v2\/product_tag?post=18727"}],"curies":[{"name":"wp","href":"https:\/\/api.w.org\/{rel}","templated":true}]}}