{"id":18721,"date":"2026-05-11T17:07:52","date_gmt":"2026-05-11T14:07:52","guid":{"rendered":"https:\/\/ursus.ee\/toode\/taignarull-delicia-20cm\/"},"modified":"2026-05-14T14:49:07","modified_gmt":"2026-05-14T11:49:07","slug":"taignarull-delicia-20cm","status":"publish","type":"product","link":"https:\/\/ursus.ee\/en\/toode\/taignarull-delicia-20cm\/","title":{"rendered":"Taignarull Delicia 20cm"},"content":{"rendered":"<p>Reguleeritava k\u00f5rgusega taignarull on sobilik eelk\u00f5ige martsipani v\u00f5i muude katete rullimiseks, mille puhul on oluline \u00fchtlane tulemus. Rulli k\u00e4epideme juures olevate r\u00f5ngaste vahetamisel on v\u00f5imalik paksust reguleerida 1,5-3 mm vahel. Reguleerimisr\u00f5ngaste eemaldamisel on tegemist klassikalise taignarulliga. Valmistatud vastupidavast plastikust ja silikoonist. M\u00f5\u00f5dud: l\u00e4bim\u00f5\u00f5t \u00f8 4 cm, rulli laius 20 cm, \u00fcldpikkus 36 cm. Sobib pesemiseks n\u00f5udepesumasinas.<\/p>\n","protected":false},"excerpt":{"rendered":"<p>Reguleeritava k\u00f5rgusega taignarull on sobilik eelk\u00f5ige martsipani v\u00f5i muude katete rullimiseks, mille puhul on oluline \u00fchtlane tulemus. Rulli k\u00e4epideme juures olevate r\u00f5ngaste vahetamisel on v\u00f5imalik paksust reguleerida 1,5-3 mm vahel. Reguleerimisr\u00f5ngaste eemaldamisel on tegemist klassikalise taignarulliga. Valmistatud vastupidavast plastikust ja silikoonist. M\u00f5\u00f5dud: l\u00e4bim\u00f5\u00f5t \u00f8 4 cm, rulli laius 20 cm, \u00fcldpikkus 36 cm. Sobib pesemiseks<\/p>\n","protected":false},"featured_media":18722,"comment_status":"closed","ping_status":"open","template":"","meta":{"_acf_changed":false},"product_brand":[840],"product_cat":[848],"product_tag":[],"class_list":{"0":"post-18721","1":"product","2":"type-product","3":"status-publish","4":"has-post-thumbnail","6":"product_brand-tescoma","7":"product_cat-kupsetustarvikud","8":"pa_paritolumaa-hiina","9":"pa_uhik-tk","11":"first","12":"instock","13":"purchasable","14":"product-type-simple"},"acf":[],"_links":{"self":[{"href":"https:\/\/ursus.ee\/en\/wp-json\/wp\/v2\/product\/18721","targetHints":{"allow":["GET"]}}],"collection":[{"href":"https:\/\/ursus.ee\/en\/wp-json\/wp\/v2\/product"}],"about":[{"href":"https:\/\/ursus.ee\/en\/wp-json\/wp\/v2\/types\/product"}],"replies":[{"embeddable":true,"href":"https:\/\/ursus.ee\/en\/wp-json\/wp\/v2\/comments?post=18721"}],"wp:featuredmedia":[{"embeddable":true,"href":"https:\/\/ursus.ee\/en\/wp-json\/wp\/v2\/media\/18722"}],"wp:attachment":[{"href":"https:\/\/ursus.ee\/en\/wp-json\/wp\/v2\/media?parent=18721"}],"wp:term":[{"taxonomy":"product_brand","embeddable":true,"href":"https:\/\/ursus.ee\/en\/wp-json\/wp\/v2\/product_brand?post=18721"},{"taxonomy":"product_cat","embeddable":true,"href":"https:\/\/ursus.ee\/en\/wp-json\/wp\/v2\/product_cat?post=18721"},{"taxonomy":"product_tag","embeddable":true,"href":"https:\/\/ursus.ee\/en\/wp-json\/wp\/v2\/product_tag?post=18721"}],"curies":[{"name":"wp","href":"https:\/\/api.w.org\/{rel}","templated":true}]}}