{"id":18718,"date":"2026-05-11T17:07:52","date_gmt":"2026-05-11T14:07:52","guid":{"rendered":"https:\/\/ursus.ee\/toode\/dekoreerimiskott-30cm-otsik-5tk-delicia\/"},"modified":"2026-05-14T14:49:04","modified_gmt":"2026-05-14T11:49:04","slug":"dekoreerimiskott-30cm-otsik-5tk-delicia","status":"publish","type":"product","link":"https:\/\/ursus.ee\/en\/toode\/dekoreerimiskott-30cm-otsik-5tk-delicia\/","title":{"rendered":"Dekoreerimiskott 30cm + otsik 5tk Delicia"},"content":{"rendered":"<p>Dekoreerimiskott piparkookide, tartlettide, muffinite ja muude k\u00fcpsetiste kaunistamiseks. Aseta kotti glasuur, kreem v\u00f5i \u0161okolaad ja suru l\u00e4bi augu \u00f5rnade liigitustega k\u00fcpsetisele. Valmistatud vastupidavast plastikust. Dekoreerimiskott on valmistatud kvaliteetsest plastikust. Toote pakend sisaldab dekoreerimiskotti ja 5 otsikut. BPA vaba koostis.<\/p>\n","protected":false},"excerpt":{"rendered":"<p>Dekoreerimiskott piparkookide, tartlettide, muffinite ja muude k\u00fcpsetiste kaunistamiseks. Aseta kotti glasuur, kreem v\u00f5i \u0161okolaad ja suru l\u00e4bi augu \u00f5rnade liigitustega k\u00fcpsetisele. Valmistatud vastupidavast plastikust. Dekoreerimiskott on valmistatud kvaliteetsest plastikust. Toote pakend sisaldab dekoreerimiskotti ja 5 otsikut. BPA vaba koostis.<\/p>\n","protected":false},"featured_media":18719,"comment_status":"closed","ping_status":"open","template":"","meta":{"_acf_changed":false},"product_brand":[840],"product_cat":[848],"product_tag":[],"class_list":{"0":"post-18718","1":"product","2":"type-product","3":"status-publish","4":"has-post-thumbnail","6":"product_brand-tescoma","7":"product_cat-kupsetustarvikud","8":"pa_paritolumaa-hiina","9":"pa_uhik-kompl","11":"first","12":"instock","13":"purchasable","14":"product-type-simple"},"acf":[],"_links":{"self":[{"href":"https:\/\/ursus.ee\/en\/wp-json\/wp\/v2\/product\/18718","targetHints":{"allow":["GET"]}}],"collection":[{"href":"https:\/\/ursus.ee\/en\/wp-json\/wp\/v2\/product"}],"about":[{"href":"https:\/\/ursus.ee\/en\/wp-json\/wp\/v2\/types\/product"}],"replies":[{"embeddable":true,"href":"https:\/\/ursus.ee\/en\/wp-json\/wp\/v2\/comments?post=18718"}],"wp:featuredmedia":[{"embeddable":true,"href":"https:\/\/ursus.ee\/en\/wp-json\/wp\/v2\/media\/18719"}],"wp:attachment":[{"href":"https:\/\/ursus.ee\/en\/wp-json\/wp\/v2\/media?parent=18718"}],"wp:term":[{"taxonomy":"product_brand","embeddable":true,"href":"https:\/\/ursus.ee\/en\/wp-json\/wp\/v2\/product_brand?post=18718"},{"taxonomy":"product_cat","embeddable":true,"href":"https:\/\/ursus.ee\/en\/wp-json\/wp\/v2\/product_cat?post=18718"},{"taxonomy":"product_tag","embeddable":true,"href":"https:\/\/ursus.ee\/en\/wp-json\/wp\/v2\/product_tag?post=18718"}],"curies":[{"name":"wp","href":"https:\/\/api.w.org\/{rel}","templated":true}]}}