{"id":18710,"date":"2026-05-11T17:07:52","date_gmt":"2026-05-11T14:07:52","guid":{"rendered":"https:\/\/ursus.ee\/toode\/koogi-ja-quichevorm-delicia-28cm-lainelise-servaga\/"},"modified":"2026-05-14T14:49:05","modified_gmt":"2026-05-14T11:49:05","slug":"koogi-ja-quichevorm-delicia-28cm-lainelise-servaga","status":"publish","type":"product","link":"https:\/\/ursus.ee\/en\/toode\/koogi-ja-quichevorm-delicia-28cm-lainelise-servaga\/","title":{"rendered":"Koogi- ja quichevorm Delicia 28cm lainelise servaga"},"content":{"rendered":"<p>Lainelise servaga, vastupidava mittenakkuva kattega pann magusate ja soolaste k\u00fcpsetiste valmistamiseks. Panni diameeter: 28cm, serva k\u00f5rgus 3cm. V\u00f5ib pesta n\u00f5udepesumasinas.<\/p>\n","protected":false},"excerpt":{"rendered":"<p>Lainelise servaga, vastupidava mittenakkuva kattega pann magusate ja soolaste k\u00fcpsetiste valmistamiseks. Panni diameeter: 28cm, serva k\u00f5rgus 3cm. V\u00f5ib pesta n\u00f5udepesumasinas.<\/p>\n","protected":false},"featured_media":18711,"comment_status":"closed","ping_status":"open","template":"","meta":{"_acf_changed":false},"product_brand":[840],"product_cat":[848],"product_tag":[],"class_list":{"0":"post-18710","1":"product","2":"type-product","3":"status-publish","4":"has-post-thumbnail","6":"product_brand-tescoma","7":"product_cat-kupsetustarvikud","8":"pa_paritolumaa-hiina","9":"pa_uhik-tk","11":"first","12":"instock","13":"purchasable","14":"product-type-simple"},"acf":[],"_links":{"self":[{"href":"https:\/\/ursus.ee\/en\/wp-json\/wp\/v2\/product\/18710","targetHints":{"allow":["GET"]}}],"collection":[{"href":"https:\/\/ursus.ee\/en\/wp-json\/wp\/v2\/product"}],"about":[{"href":"https:\/\/ursus.ee\/en\/wp-json\/wp\/v2\/types\/product"}],"replies":[{"embeddable":true,"href":"https:\/\/ursus.ee\/en\/wp-json\/wp\/v2\/comments?post=18710"}],"wp:featuredmedia":[{"embeddable":true,"href":"https:\/\/ursus.ee\/en\/wp-json\/wp\/v2\/media\/18711"}],"wp:attachment":[{"href":"https:\/\/ursus.ee\/en\/wp-json\/wp\/v2\/media?parent=18710"}],"wp:term":[{"taxonomy":"product_brand","embeddable":true,"href":"https:\/\/ursus.ee\/en\/wp-json\/wp\/v2\/product_brand?post=18710"},{"taxonomy":"product_cat","embeddable":true,"href":"https:\/\/ursus.ee\/en\/wp-json\/wp\/v2\/product_cat?post=18710"},{"taxonomy":"product_tag","embeddable":true,"href":"https:\/\/ursus.ee\/en\/wp-json\/wp\/v2\/product_tag?post=18710"}],"curies":[{"name":"wp","href":"https:\/\/api.w.org\/{rel}","templated":true}]}}