{"id":18704,"date":"2026-05-11T17:07:52","date_gmt":"2026-05-11T14:07:52","guid":{"rendered":"https:\/\/ursus.ee\/toode\/kupsetusmatt-40x36cm-delicia\/"},"modified":"2026-05-14T14:49:05","modified_gmt":"2026-05-14T11:49:05","slug":"kupsetusmatt-40x36cm-delicia","status":"publish","type":"product","link":"https:\/\/ursus.ee\/en\/toode\/kupsetusmatt-40x36cm-delicia\/","title":{"rendered":"K\u00fcpsetusmatt 40x36cm Delicia"},"content":{"rendered":"<p>Mitmeotstarbeline k\u00fcpsetusmatt on sobilik kasutamiseks enamikes k\u00fcpsetusahjudes (elektri-, gaasi-, kuuma\u00f5huahjud), mikrolaineahjus ja enamlevinud k\u00fcpsetuspannidel. Kasutatav temperatuuril kuni 260 \u00b0C. K\u00fcpsetised k\u00fcpsevad \u00fchtlaselt, ei kleepu mati pinnale ja tulevad v\u00e4ga kergesti lahti. Valmistatud kvaliteetsest kuumakindlast kangast ja on t\u00f6\u00f6deldud mittenakkuva kattega. Sobib korduvkasutamiseks. Mati m\u00f5\u00f5dud 40x36cm.<\/p>\n","protected":false},"excerpt":{"rendered":"<p>Mitmeotstarbeline k\u00fcpsetusmatt on sobilik kasutamiseks enamikes k\u00fcpsetusahjudes (elektri-, gaasi-, kuuma\u00f5huahjud), mikrolaineahjus ja enamlevinud k\u00fcpsetuspannidel. Kasutatav temperatuuril kuni 260 \u00b0C. K\u00fcpsetised k\u00fcpsevad \u00fchtlaselt, ei kleepu mati pinnale ja tulevad v\u00e4ga kergesti lahti. Valmistatud kvaliteetsest kuumakindlast kangast ja on t\u00f6\u00f6deldud mittenakkuva kattega. Sobib korduvkasutamiseks. Mati m\u00f5\u00f5dud 40x36cm.<\/p>\n","protected":false},"featured_media":18705,"comment_status":"closed","ping_status":"open","template":"","meta":{"_acf_changed":false},"product_brand":[840],"product_cat":[848],"product_tag":[],"class_list":{"0":"post-18704","1":"product","2":"type-product","3":"status-publish","4":"has-post-thumbnail","6":"product_brand-tescoma","7":"product_cat-kupsetustarvikud","8":"pa_paritolumaa-hiina","9":"pa_uhik-tk","11":"first","12":"instock","13":"purchasable","14":"product-type-simple"},"acf":[],"_links":{"self":[{"href":"https:\/\/ursus.ee\/en\/wp-json\/wp\/v2\/product\/18704","targetHints":{"allow":["GET"]}}],"collection":[{"href":"https:\/\/ursus.ee\/en\/wp-json\/wp\/v2\/product"}],"about":[{"href":"https:\/\/ursus.ee\/en\/wp-json\/wp\/v2\/types\/product"}],"replies":[{"embeddable":true,"href":"https:\/\/ursus.ee\/en\/wp-json\/wp\/v2\/comments?post=18704"}],"wp:featuredmedia":[{"embeddable":true,"href":"https:\/\/ursus.ee\/en\/wp-json\/wp\/v2\/media\/18705"}],"wp:attachment":[{"href":"https:\/\/ursus.ee\/en\/wp-json\/wp\/v2\/media?parent=18704"}],"wp:term":[{"taxonomy":"product_brand","embeddable":true,"href":"https:\/\/ursus.ee\/en\/wp-json\/wp\/v2\/product_brand?post=18704"},{"taxonomy":"product_cat","embeddable":true,"href":"https:\/\/ursus.ee\/en\/wp-json\/wp\/v2\/product_cat?post=18704"},{"taxonomy":"product_tag","embeddable":true,"href":"https:\/\/ursus.ee\/en\/wp-json\/wp\/v2\/product_tag?post=18704"}],"curies":[{"name":"wp","href":"https:\/\/api.w.org\/{rel}","templated":true}]}}