{"id":18701,"date":"2026-05-11T17:07:52","date_gmt":"2026-05-11T14:07:52","guid":{"rendered":"https:\/\/ursus.ee\/toode\/silikoonist-muffinivormid\/"},"modified":"2026-05-14T14:49:07","modified_gmt":"2026-05-14T11:49:07","slug":"silikoonist-muffinivormid","status":"publish","type":"product","link":"https:\/\/ursus.ee\/en\/toode\/silikoonist-muffinivormid\/","title":{"rendered":"Silikoonist muffinivormid"},"content":{"rendered":"<p>Valmistatud suurep\u00e4rasest kuumuskindlast silikoonist, vastupidav temperatuurile -40 kuni + 230 \u00b0 C. M\u00f5eldud korduvaks k\u00fcpsetamiseks igat t\u00fc\u00fcpi ahjudes, sealhulgas mikrolaineahjus. Vorme v\u00f5ib hoida k\u00fclmkapis, s\u00fcgavk\u00fclmas ja pesta n\u00f5udepesumasinas. 3-aastane garantii.<\/p>\n","protected":false},"excerpt":{"rendered":"<p>Valmistatud suurep\u00e4rasest kuumuskindlast silikoonist, vastupidav temperatuurile -40 kuni + 230 \u00b0 C. M\u00f5eldud korduvaks k\u00fcpsetamiseks igat t\u00fc\u00fcpi ahjudes, sealhulgas mikrolaineahjus. Vorme v\u00f5ib hoida k\u00fclmkapis, s\u00fcgavk\u00fclmas ja pesta n\u00f5udepesumasinas. 3-aastane garantii.<\/p>\n","protected":false},"featured_media":18702,"comment_status":"closed","ping_status":"open","template":"","meta":{"_acf_changed":false},"product_brand":[840],"product_cat":[848],"product_tag":[],"class_list":{"0":"post-18701","1":"product","2":"type-product","3":"status-publish","4":"has-post-thumbnail","6":"product_brand-tescoma","7":"product_cat-kupsetustarvikud","8":"pa_paritolumaa-hiina","9":"pa_uhik-tk","11":"first","12":"instock","13":"purchasable","14":"product-type-simple"},"acf":[],"_links":{"self":[{"href":"https:\/\/ursus.ee\/en\/wp-json\/wp\/v2\/product\/18701","targetHints":{"allow":["GET"]}}],"collection":[{"href":"https:\/\/ursus.ee\/en\/wp-json\/wp\/v2\/product"}],"about":[{"href":"https:\/\/ursus.ee\/en\/wp-json\/wp\/v2\/types\/product"}],"replies":[{"embeddable":true,"href":"https:\/\/ursus.ee\/en\/wp-json\/wp\/v2\/comments?post=18701"}],"wp:featuredmedia":[{"embeddable":true,"href":"https:\/\/ursus.ee\/en\/wp-json\/wp\/v2\/media\/18702"}],"wp:attachment":[{"href":"https:\/\/ursus.ee\/en\/wp-json\/wp\/v2\/media?parent=18701"}],"wp:term":[{"taxonomy":"product_brand","embeddable":true,"href":"https:\/\/ursus.ee\/en\/wp-json\/wp\/v2\/product_brand?post=18701"},{"taxonomy":"product_cat","embeddable":true,"href":"https:\/\/ursus.ee\/en\/wp-json\/wp\/v2\/product_cat?post=18701"},{"taxonomy":"product_tag","embeddable":true,"href":"https:\/\/ursus.ee\/en\/wp-json\/wp\/v2\/product_tag?post=18701"}],"curies":[{"name":"wp","href":"https:\/\/api.w.org\/{rel}","templated":true}]}}