{"id":18694,"date":"2026-05-11T17:04:21","date_gmt":"2026-05-11T14:04:21","guid":{"rendered":"https:\/\/ursus.ee\/toode\/piparkoogivormid-delicia-9tk-2\/"},"modified":"2026-05-14T14:49:06","modified_gmt":"2026-05-14T11:49:06","slug":"piparkoogivormid-delicia-9tk-2","status":"publish","type":"product","link":"https:\/\/ursus.ee\/en\/toode\/piparkoogivormid-delicia-9tk-2\/","title":{"rendered":"Piparkoogivormid Delicia 9tk"},"content":{"rendered":"<p>BPA vabast plastikust j\u00f5ulufiguuridega piparkoogivormid, komplekti kuulub 9 t\u00fckki. N\u00f5udepesumasinas pestavad. Valmistatud vastupidavast plastikmaterjalist.<\/p>\n","protected":false},"excerpt":{"rendered":"<p>BPA vabast plastikust j\u00f5ulufiguuridega piparkoogivormid, komplekti kuulub 9 t\u00fckki. N\u00f5udepesumasinas pestavad. Valmistatud vastupidavast plastikmaterjalist.<\/p>\n","protected":false},"featured_media":18695,"comment_status":"closed","ping_status":"open","template":"","meta":{"_acf_changed":false},"product_brand":[840],"product_cat":[848],"product_tag":[],"class_list":{"0":"post-18694","1":"product","2":"type-product","3":"status-publish","4":"has-post-thumbnail","6":"product_brand-tescoma","7":"product_cat-kupsetustarvikud","8":"pa_paritolumaa-hiina","9":"pa_uhik-tk","11":"first","12":"instock","13":"purchasable","14":"product-type-simple"},"acf":[],"_links":{"self":[{"href":"https:\/\/ursus.ee\/en\/wp-json\/wp\/v2\/product\/18694","targetHints":{"allow":["GET"]}}],"collection":[{"href":"https:\/\/ursus.ee\/en\/wp-json\/wp\/v2\/product"}],"about":[{"href":"https:\/\/ursus.ee\/en\/wp-json\/wp\/v2\/types\/product"}],"replies":[{"embeddable":true,"href":"https:\/\/ursus.ee\/en\/wp-json\/wp\/v2\/comments?post=18694"}],"wp:featuredmedia":[{"embeddable":true,"href":"https:\/\/ursus.ee\/en\/wp-json\/wp\/v2\/media\/18695"}],"wp:attachment":[{"href":"https:\/\/ursus.ee\/en\/wp-json\/wp\/v2\/media?parent=18694"}],"wp:term":[{"taxonomy":"product_brand","embeddable":true,"href":"https:\/\/ursus.ee\/en\/wp-json\/wp\/v2\/product_brand?post=18694"},{"taxonomy":"product_cat","embeddable":true,"href":"https:\/\/ursus.ee\/en\/wp-json\/wp\/v2\/product_cat?post=18694"},{"taxonomy":"product_tag","embeddable":true,"href":"https:\/\/ursus.ee\/en\/wp-json\/wp\/v2\/product_tag?post=18694"}],"curies":[{"name":"wp","href":"https:\/\/api.w.org\/{rel}","templated":true}]}}