{"id":18688,"date":"2026-05-11T17:04:21","date_gmt":"2026-05-11T14:04:21","guid":{"rendered":"https:\/\/ursus.ee\/toode\/piparkoogivormid-delicia-9tk\/"},"modified":"2026-05-14T14:49:06","modified_gmt":"2026-05-14T11:49:06","slug":"piparkoogivormid-delicia-9tk","status":"publish","type":"product","link":"https:\/\/ursus.ee\/en\/toode\/piparkoogivormid-delicia-9tk\/","title":{"rendered":"Piparkoogivormid Delicia 9tk"},"content":{"rendered":"<p>Vastupidavast metallist valmisatud piparkoogivormid. Komplekti kuulub 9 vormi. Piparkoogivormide m\u00f5\u00f5t ca 5 cm. Mugavamaks hoiustamiseks asetatud metallist r\u00f5ngale. Ei sobi pesemiseks n\u00f5udepesumasinas, ainult k\u00e4sipesu.<\/p>\n","protected":false},"excerpt":{"rendered":"<p>Vastupidavast metallist valmisatud piparkoogivormid. Komplekti kuulub 9 vormi. Piparkoogivormide m\u00f5\u00f5t ca 5 cm. Mugavamaks hoiustamiseks asetatud metallist r\u00f5ngale. Ei sobi pesemiseks n\u00f5udepesumasinas, ainult k\u00e4sipesu.<\/p>\n","protected":false},"featured_media":18689,"comment_status":"closed","ping_status":"open","template":"","meta":{"_acf_changed":false},"product_brand":[840],"product_cat":[848],"product_tag":[],"class_list":{"0":"post-18688","1":"product","2":"type-product","3":"status-publish","4":"has-post-thumbnail","6":"product_brand-tescoma","7":"product_cat-kupsetustarvikud","8":"pa_paritolumaa-hiina","9":"pa_uhik-tk","11":"first","12":"instock","13":"purchasable","14":"product-type-simple"},"acf":[],"_links":{"self":[{"href":"https:\/\/ursus.ee\/en\/wp-json\/wp\/v2\/product\/18688","targetHints":{"allow":["GET"]}}],"collection":[{"href":"https:\/\/ursus.ee\/en\/wp-json\/wp\/v2\/product"}],"about":[{"href":"https:\/\/ursus.ee\/en\/wp-json\/wp\/v2\/types\/product"}],"replies":[{"embeddable":true,"href":"https:\/\/ursus.ee\/en\/wp-json\/wp\/v2\/comments?post=18688"}],"wp:featuredmedia":[{"embeddable":true,"href":"https:\/\/ursus.ee\/en\/wp-json\/wp\/v2\/media\/18689"}],"wp:attachment":[{"href":"https:\/\/ursus.ee\/en\/wp-json\/wp\/v2\/media?parent=18688"}],"wp:term":[{"taxonomy":"product_brand","embeddable":true,"href":"https:\/\/ursus.ee\/en\/wp-json\/wp\/v2\/product_brand?post=18688"},{"taxonomy":"product_cat","embeddable":true,"href":"https:\/\/ursus.ee\/en\/wp-json\/wp\/v2\/product_cat?post=18688"},{"taxonomy":"product_tag","embeddable":true,"href":"https:\/\/ursus.ee\/en\/wp-json\/wp\/v2\/product_tag?post=18688"}],"curies":[{"name":"wp","href":"https:\/\/api.w.org\/{rel}","templated":true}]}}