{"id":18683,"date":"2026-05-11T17:04:21","date_gmt":"2026-05-11T14:04:21","guid":{"rendered":"https:\/\/ursus.ee\/toode\/pabervorm-delicia-4cm\/"},"modified":"2026-05-14T14:49:05","modified_gmt":"2026-05-14T11:49:05","slug":"pabervorm-delicia-4cm","status":"publish","type":"product","link":"https:\/\/ursus.ee\/en\/toode\/pabervorm-delicia-4cm\/","title":{"rendered":"Pabervorm Delicia 4cm"},"content":{"rendered":"<p>Paberist valged muffinivormid l\u00e4bim\u00f5\u00f5duga 4cm, 200tk. Sobib minimuffinite ja v\u00e4ikeste maiustuste k\u00fcpsetamiseks ja serveerimiseks.<\/p>\n","protected":false},"excerpt":{"rendered":"<p>Paberist valged muffinivormid l\u00e4bim\u00f5\u00f5duga 4cm, 200tk. Sobib minimuffinite ja v\u00e4ikeste maiustuste k\u00fcpsetamiseks ja serveerimiseks.<\/p>\n","protected":false},"featured_media":18684,"comment_status":"closed","ping_status":"open","template":"","meta":{"_acf_changed":false},"product_brand":[840],"product_cat":[848],"product_tag":[],"class_list":{"0":"post-18683","1":"product","2":"type-product","3":"status-publish","4":"has-post-thumbnail","6":"product_brand-tescoma","7":"product_cat-kupsetustarvikud","8":"pa_koostis-paber","9":"pa_paritolumaa-hiina","10":"pa_uhik-tk","12":"first","13":"instock","14":"purchasable","15":"product-type-simple"},"acf":[],"_links":{"self":[{"href":"https:\/\/ursus.ee\/en\/wp-json\/wp\/v2\/product\/18683","targetHints":{"allow":["GET"]}}],"collection":[{"href":"https:\/\/ursus.ee\/en\/wp-json\/wp\/v2\/product"}],"about":[{"href":"https:\/\/ursus.ee\/en\/wp-json\/wp\/v2\/types\/product"}],"replies":[{"embeddable":true,"href":"https:\/\/ursus.ee\/en\/wp-json\/wp\/v2\/comments?post=18683"}],"wp:featuredmedia":[{"embeddable":true,"href":"https:\/\/ursus.ee\/en\/wp-json\/wp\/v2\/media\/18684"}],"wp:attachment":[{"href":"https:\/\/ursus.ee\/en\/wp-json\/wp\/v2\/media?parent=18683"}],"wp:term":[{"taxonomy":"product_brand","embeddable":true,"href":"https:\/\/ursus.ee\/en\/wp-json\/wp\/v2\/product_brand?post=18683"},{"taxonomy":"product_cat","embeddable":true,"href":"https:\/\/ursus.ee\/en\/wp-json\/wp\/v2\/product_cat?post=18683"},{"taxonomy":"product_tag","embeddable":true,"href":"https:\/\/ursus.ee\/en\/wp-json\/wp\/v2\/product_tag?post=18683"}],"curies":[{"name":"wp","href":"https:\/\/api.w.org\/{rel}","templated":true}]}}