{"id":18677,"date":"2026-05-11T17:04:21","date_gmt":"2026-05-11T14:04:21","guid":{"rendered":"https:\/\/ursus.ee\/toode\/silikoonspaatel-presto\/"},"modified":"2026-05-14T14:49:07","modified_gmt":"2026-05-14T11:49:07","slug":"silikoonspaatel-presto","status":"publish","type":"product","link":"https:\/\/ursus.ee\/en\/toode\/silikoonspaatel-presto\/","title":{"rendered":"Silikoonspaatel Presto"},"content":{"rendered":"<p>Spaatlit on mugav kasutada mittenakkuva kattega k\u00f6\u00f6gin\u00f5udes. Ei kahjusta k\u00f6\u00f6gin\u00f5ude pindasid. Valmistatud kuumakindlast silikoonist (vastupidav kuni 220\u00b0C) ja k\u00f5rgkvaliteetsest plastikust.<\/p>\n","protected":false},"excerpt":{"rendered":"<p>Spaatlit on mugav kasutada mittenakkuva kattega k\u00f6\u00f6gin\u00f5udes. Ei kahjusta k\u00f6\u00f6gin\u00f5ude pindasid. Valmistatud kuumakindlast silikoonist (vastupidav kuni 220\u00b0C) ja k\u00f5rgkvaliteetsest plastikust.<\/p>\n","protected":false},"featured_media":18678,"comment_status":"closed","ping_status":"open","template":"","meta":{"_acf_changed":false},"product_brand":[840],"product_cat":[848],"product_tag":[],"class_list":{"0":"post-18677","1":"product","2":"type-product","3":"status-publish","4":"has-post-thumbnail","6":"product_brand-tescoma","7":"product_cat-kupsetustarvikud","8":"pa_paritolumaa-hiina","9":"pa_uhik-tk","11":"first","12":"instock","13":"purchasable","14":"product-type-simple"},"acf":[],"_links":{"self":[{"href":"https:\/\/ursus.ee\/en\/wp-json\/wp\/v2\/product\/18677","targetHints":{"allow":["GET"]}}],"collection":[{"href":"https:\/\/ursus.ee\/en\/wp-json\/wp\/v2\/product"}],"about":[{"href":"https:\/\/ursus.ee\/en\/wp-json\/wp\/v2\/types\/product"}],"replies":[{"embeddable":true,"href":"https:\/\/ursus.ee\/en\/wp-json\/wp\/v2\/comments?post=18677"}],"wp:featuredmedia":[{"embeddable":true,"href":"https:\/\/ursus.ee\/en\/wp-json\/wp\/v2\/media\/18678"}],"wp:attachment":[{"href":"https:\/\/ursus.ee\/en\/wp-json\/wp\/v2\/media?parent=18677"}],"wp:term":[{"taxonomy":"product_brand","embeddable":true,"href":"https:\/\/ursus.ee\/en\/wp-json\/wp\/v2\/product_brand?post=18677"},{"taxonomy":"product_cat","embeddable":true,"href":"https:\/\/ursus.ee\/en\/wp-json\/wp\/v2\/product_cat?post=18677"},{"taxonomy":"product_tag","embeddable":true,"href":"https:\/\/ursus.ee\/en\/wp-json\/wp\/v2\/product_tag?post=18677"}],"curies":[{"name":"wp","href":"https:\/\/api.w.org\/{rel}","templated":true}]}}