{"id":18675,"date":"2026-05-11T17:04:21","date_gmt":"2026-05-11T14:04:21","guid":{"rendered":"https:\/\/ursus.ee\/toode\/silikoonist-kupsetusmatt-klambriga-50x40cm-delicia-siliconprime\/"},"modified":"2026-05-14T14:49:07","modified_gmt":"2026-05-14T11:49:07","slug":"silikoonist-kupsetusmatt-klambriga-50x40cm-delicia-siliconprime","status":"publish","type":"product","link":"https:\/\/ursus.ee\/en\/toode\/silikoonist-kupsetusmatt-klambriga-50x40cm-delicia-siliconprime\/","title":{"rendered":"Silikoonist k\u00fcpsetusmatt klambriga 50x40cm Delicia SiliconPrime"},"content":{"rendered":"<p>Silikoonist k\u00fcpsetusmatt sobib suurep\u00e4raselt taigna, martsipani, fondantide ja muude toitude valmistamiseks ja t\u00f6\u00f6tlemiseks. matil on m\u00f5\u00f5tjooned h\u00f5lpsaks m\u00f5\u00f5tmiseks. Kinnitub suurep\u00e4raselt laua k\u00fclge; tainas ei kleepu ja on lahti rullides t\u00e4iesti \u00fchtlane. Ruumis\u00e4\u00e4stlik &#8211; lihtsalt rulli kokku ja sulge klambriga. Suurep\u00e4rane ka matina kuumade r\u00f6sterite ja muude k\u00f6\u00f6giseadete alla; vastupidav kuni 230\u00b0C. N\u00f5udepesumasinas pestav. 3-aastane garantii.<\/p>\n","protected":false},"excerpt":{"rendered":"<p>Silikoonist k\u00fcpsetusmatt sobib suurep\u00e4raselt taigna, martsipani, fondantide ja muude toitude valmistamiseks ja t\u00f6\u00f6tlemiseks. matil on m\u00f5\u00f5tjooned h\u00f5lpsaks m\u00f5\u00f5tmiseks. Kinnitub suurep\u00e4raselt laua k\u00fclge; tainas ei kleepu ja on lahti rullides t\u00e4iesti \u00fchtlane. Ruumis\u00e4\u00e4stlik &#8211; lihtsalt rulli kokku ja sulge klambriga. Suurep\u00e4rane ka matina kuumade r\u00f6sterite ja muude k\u00f6\u00f6giseadete alla; vastupidav kuni 230\u00b0C. N\u00f5udepesumasinas pestav. 3-aastane garantii.<\/p>\n","protected":false},"featured_media":18676,"comment_status":"closed","ping_status":"open","template":"","meta":{"_acf_changed":false},"product_brand":[840],"product_cat":[848],"product_tag":[],"class_list":{"0":"post-18675","1":"product","2":"type-product","3":"status-publish","4":"has-post-thumbnail","6":"product_brand-tescoma","7":"product_cat-kupsetustarvikud","8":"pa_paritolumaa-hiina","9":"pa_uhik-tk","11":"first","12":"instock","13":"purchasable","14":"product-type-simple"},"acf":[],"_links":{"self":[{"href":"https:\/\/ursus.ee\/en\/wp-json\/wp\/v2\/product\/18675","targetHints":{"allow":["GET"]}}],"collection":[{"href":"https:\/\/ursus.ee\/en\/wp-json\/wp\/v2\/product"}],"about":[{"href":"https:\/\/ursus.ee\/en\/wp-json\/wp\/v2\/types\/product"}],"replies":[{"embeddable":true,"href":"https:\/\/ursus.ee\/en\/wp-json\/wp\/v2\/comments?post=18675"}],"wp:featuredmedia":[{"embeddable":true,"href":"https:\/\/ursus.ee\/en\/wp-json\/wp\/v2\/media\/18676"}],"wp:attachment":[{"href":"https:\/\/ursus.ee\/en\/wp-json\/wp\/v2\/media?parent=18675"}],"wp:term":[{"taxonomy":"product_brand","embeddable":true,"href":"https:\/\/ursus.ee\/en\/wp-json\/wp\/v2\/product_brand?post=18675"},{"taxonomy":"product_cat","embeddable":true,"href":"https:\/\/ursus.ee\/en\/wp-json\/wp\/v2\/product_cat?post=18675"},{"taxonomy":"product_tag","embeddable":true,"href":"https:\/\/ursus.ee\/en\/wp-json\/wp\/v2\/product_tag?post=18675"}],"curies":[{"name":"wp","href":"https:\/\/api.w.org\/{rel}","templated":true}]}}