{"id":18670,"date":"2026-05-11T17:04:21","date_gmt":"2026-05-11T14:04:21","guid":{"rendered":"https:\/\/ursus.ee\/toode\/silikoonleivavorm-delicia-siliconprime\/"},"modified":"2026-05-14T14:49:07","modified_gmt":"2026-05-14T11:49:07","slug":"silikoonleivavorm-delicia-siliconprime","status":"publish","type":"product","link":"https:\/\/ursus.ee\/en\/toode\/silikoonleivavorm-delicia-siliconprime\/","title":{"rendered":"Silikoonleivavorm Delicia SiliconPrime"},"content":{"rendered":"<p>Silikoonist vorm leivap\u00e4tsikujuliste toitude k\u00fcpsetamiseks. Silikoonvormis k\u00fcpseb toit kiiresti ja \u00fchtlaselt. K\u00fcpsetise valmides on seda lihtne vormist v\u00e4lja keerata. Valmistatud kvaliteetsest kuumakindlast silikoonist. Vastupidav kuni 230\u00b0C. Silikoonvormi on lihtne puhastada &#8211; p\u00e4rast kasutamist lihtsalt loputage v\u00f5i peske n\u00f5udepesumasinas. V\u00e4ga ruumis\u00e4\u00e4stlik. Sobib gaasi-, elektri- ja kuuma\u00f5huahjudele. 3-aastane garantii.<\/p>\n","protected":false},"excerpt":{"rendered":"<p>Silikoonist vorm leivap\u00e4tsikujuliste toitude k\u00fcpsetamiseks. Silikoonvormis k\u00fcpseb toit kiiresti ja \u00fchtlaselt. K\u00fcpsetise valmides on seda lihtne vormist v\u00e4lja keerata. Valmistatud kvaliteetsest kuumakindlast silikoonist. Vastupidav kuni 230\u00b0C. Silikoonvormi on lihtne puhastada &#8211; p\u00e4rast kasutamist lihtsalt loputage v\u00f5i peske n\u00f5udepesumasinas. V\u00e4ga ruumis\u00e4\u00e4stlik. Sobib gaasi-, elektri- ja kuuma\u00f5huahjudele. 3-aastane garantii.<\/p>\n","protected":false},"featured_media":18671,"comment_status":"closed","ping_status":"open","template":"","meta":{"_acf_changed":false},"product_brand":[840],"product_cat":[848],"product_tag":[],"class_list":{"0":"post-18670","1":"product","2":"type-product","3":"status-publish","4":"has-post-thumbnail","6":"product_brand-tescoma","7":"product_cat-kupsetustarvikud","8":"pa_paritolumaa-hiina","9":"pa_uhik-tk","11":"first","12":"instock","13":"purchasable","14":"product-type-simple"},"acf":[],"_links":{"self":[{"href":"https:\/\/ursus.ee\/en\/wp-json\/wp\/v2\/product\/18670","targetHints":{"allow":["GET"]}}],"collection":[{"href":"https:\/\/ursus.ee\/en\/wp-json\/wp\/v2\/product"}],"about":[{"href":"https:\/\/ursus.ee\/en\/wp-json\/wp\/v2\/types\/product"}],"replies":[{"embeddable":true,"href":"https:\/\/ursus.ee\/en\/wp-json\/wp\/v2\/comments?post=18670"}],"wp:featuredmedia":[{"embeddable":true,"href":"https:\/\/ursus.ee\/en\/wp-json\/wp\/v2\/media\/18671"}],"wp:attachment":[{"href":"https:\/\/ursus.ee\/en\/wp-json\/wp\/v2\/media?parent=18670"}],"wp:term":[{"taxonomy":"product_brand","embeddable":true,"href":"https:\/\/ursus.ee\/en\/wp-json\/wp\/v2\/product_brand?post=18670"},{"taxonomy":"product_cat","embeddable":true,"href":"https:\/\/ursus.ee\/en\/wp-json\/wp\/v2\/product_cat?post=18670"},{"taxonomy":"product_tag","embeddable":true,"href":"https:\/\/ursus.ee\/en\/wp-json\/wp\/v2\/product_tag?post=18670"}],"curies":[{"name":"wp","href":"https:\/\/api.w.org\/{rel}","templated":true}]}}