{"id":18661,"date":"2026-05-11T17:04:21","date_gmt":"2026-05-11T14:04:21","guid":{"rendered":"https:\/\/ursus.ee\/toode\/kurnsoel-presto\/"},"modified":"2026-05-14T15:38:42","modified_gmt":"2026-05-14T12:38:42","slug":"kurnsoel-presto","status":"publish","type":"product","link":"https:\/\/ursus.ee\/en\/toode\/kurnsoel-presto\/","title":{"rendered":"Kurns\u00f5el Presto"},"content":{"rendered":"<p>2-osaline kurns\u00f5ela komplekt on valmistatud vastupidavast plastikust. Ta sobib suurep\u00e4raselt puu- ja k\u00f6\u00f6giviljade loputamiseks v\u00f5i keeduvee eemaldamiseks pastast, keedetud k\u00f6\u00f6giviljadest jne. S\u00f5el talub kuni 100 \u00b0 C. Tal on praktiline k\u00e4epide, mis v\u00f5imaldab s\u00f5ela \u00fche k\u00e4ega kasutada.<\/p>\n","protected":false},"excerpt":{"rendered":"<p>2-osaline kurns\u00f5ela komplekt on valmistatud vastupidavast plastikust. Ta sobib suurep\u00e4raselt puu- ja k\u00f6\u00f6giviljade loputamiseks v\u00f5i keeduvee eemaldamiseks pastast, keedetud k\u00f6\u00f6giviljadest jne. S\u00f5el talub kuni 100 \u00b0 C. Tal on praktiline k\u00e4epide, mis v\u00f5imaldab s\u00f5ela \u00fche k\u00e4ega kasutada.<\/p>\n","protected":false},"featured_media":18662,"comment_status":"closed","ping_status":"open","template":"","meta":{"_acf_changed":false},"product_brand":[840],"product_cat":[405,490],"product_tag":[],"class_list":{"0":"post-18661","1":"product","2":"type-product","3":"status-publish","4":"has-post-thumbnail","6":"product_brand-tescoma","7":"product_cat-koogitarbed","8":"product_cat-koogitarvikud","9":"pa_paritolumaa-hiina","10":"pa_uhik-tk","12":"first","13":"instock","14":"purchasable","15":"product-type-simple"},"acf":[],"_links":{"self":[{"href":"https:\/\/ursus.ee\/en\/wp-json\/wp\/v2\/product\/18661","targetHints":{"allow":["GET"]}}],"collection":[{"href":"https:\/\/ursus.ee\/en\/wp-json\/wp\/v2\/product"}],"about":[{"href":"https:\/\/ursus.ee\/en\/wp-json\/wp\/v2\/types\/product"}],"replies":[{"embeddable":true,"href":"https:\/\/ursus.ee\/en\/wp-json\/wp\/v2\/comments?post=18661"}],"wp:featuredmedia":[{"embeddable":true,"href":"https:\/\/ursus.ee\/en\/wp-json\/wp\/v2\/media\/18662"}],"wp:attachment":[{"href":"https:\/\/ursus.ee\/en\/wp-json\/wp\/v2\/media?parent=18661"}],"wp:term":[{"taxonomy":"product_brand","embeddable":true,"href":"https:\/\/ursus.ee\/en\/wp-json\/wp\/v2\/product_brand?post=18661"},{"taxonomy":"product_cat","embeddable":true,"href":"https:\/\/ursus.ee\/en\/wp-json\/wp\/v2\/product_cat?post=18661"},{"taxonomy":"product_tag","embeddable":true,"href":"https:\/\/ursus.ee\/en\/wp-json\/wp\/v2\/product_tag?post=18661"}],"curies":[{"name":"wp","href":"https:\/\/api.w.org\/{rel}","templated":true}]}}