{"id":18658,"date":"2026-05-11T17:04:21","date_gmt":"2026-05-11T14:04:21","guid":{"rendered":"https:\/\/ursus.ee\/toode\/painduvad-loikelauad-presto-3tk\/"},"modified":"2026-05-14T15:38:43","modified_gmt":"2026-05-14T12:38:43","slug":"painduvad-loikelauad-presto-3tk","status":"publish","type":"product","link":"https:\/\/ursus.ee\/en\/toode\/painduvad-loikelauad-presto-3tk\/","title":{"rendered":"Painduvad l\u00f5ikelauad Presto 3tk"},"content":{"rendered":"<p>L\u00f5ikelauad sobivad k\u00f5iksuguste toiduainete l\u00f5ikamiseks. T\u00e4nu nakkuvale aluspinnale ei libise l\u00f5ikelauad t\u00f6\u00f6pinnal. Valmistatud h\u00e4sti painduvast materjalist, mis lihtsustab hakitud toiduainete valamist erinevatesse anumatesse. Komplektis 3 erineva suurusega painduvat l\u00f5ikelauda. BPA vaba. Pestan n\u00f5udepesumasinas. T\u00e4helepanu! Toiduainete l\u00f5ikamiseks on m\u00f5eldud l\u00f5ikelaua siledam pool, mitte nakkuv pind. Komplekti kuulub 3 eri suurusega l\u00f5ikelauda (39&#215;29 cm; 35&#215;25 cm; 21&#215;15 cm).<\/p>\n","protected":false},"excerpt":{"rendered":"<p>L\u00f5ikelauad sobivad k\u00f5iksuguste toiduainete l\u00f5ikamiseks. T\u00e4nu nakkuvale aluspinnale ei libise l\u00f5ikelauad t\u00f6\u00f6pinnal. Valmistatud h\u00e4sti painduvast materjalist, mis lihtsustab hakitud toiduainete valamist erinevatesse anumatesse. Komplektis 3 erineva suurusega painduvat l\u00f5ikelauda. BPA vaba. Pestan n\u00f5udepesumasinas. T\u00e4helepanu! Toiduainete l\u00f5ikamiseks on m\u00f5eldud l\u00f5ikelaua siledam pool, mitte nakkuv pind. Komplekti kuulub 3 eri suurusega l\u00f5ikelauda (39&#215;29 cm; 35&#215;25 cm; 21&#215;15<\/p>\n","protected":false},"featured_media":18659,"comment_status":"closed","ping_status":"open","template":"","meta":{"_acf_changed":false},"product_brand":[840],"product_cat":[405,490],"product_tag":[],"class_list":{"0":"post-18658","1":"product","2":"type-product","3":"status-publish","4":"has-post-thumbnail","6":"product_brand-tescoma","7":"product_cat-koogitarbed","8":"product_cat-koogitarvikud","9":"pa_paritolumaa-taiwan","10":"pa_uhik-tk","12":"first","13":"instock","14":"purchasable","15":"product-type-simple"},"acf":[],"_links":{"self":[{"href":"https:\/\/ursus.ee\/en\/wp-json\/wp\/v2\/product\/18658","targetHints":{"allow":["GET"]}}],"collection":[{"href":"https:\/\/ursus.ee\/en\/wp-json\/wp\/v2\/product"}],"about":[{"href":"https:\/\/ursus.ee\/en\/wp-json\/wp\/v2\/types\/product"}],"replies":[{"embeddable":true,"href":"https:\/\/ursus.ee\/en\/wp-json\/wp\/v2\/comments?post=18658"}],"wp:featuredmedia":[{"embeddable":true,"href":"https:\/\/ursus.ee\/en\/wp-json\/wp\/v2\/media\/18659"}],"wp:attachment":[{"href":"https:\/\/ursus.ee\/en\/wp-json\/wp\/v2\/media?parent=18658"}],"wp:term":[{"taxonomy":"product_brand","embeddable":true,"href":"https:\/\/ursus.ee\/en\/wp-json\/wp\/v2\/product_brand?post=18658"},{"taxonomy":"product_cat","embeddable":true,"href":"https:\/\/ursus.ee\/en\/wp-json\/wp\/v2\/product_cat?post=18658"},{"taxonomy":"product_tag","embeddable":true,"href":"https:\/\/ursus.ee\/en\/wp-json\/wp\/v2\/product_tag?post=18658"}],"curies":[{"name":"wp","href":"https:\/\/api.w.org\/{rel}","templated":true}]}}