{"id":18656,"date":"2026-05-11T17:04:21","date_gmt":"2026-05-11T14:04:21","guid":{"rendered":"https:\/\/ursus.ee\/toode\/oliprits-club-150ml\/"},"modified":"2026-05-14T15:38:43","modified_gmt":"2026-05-14T12:38:43","slug":"oliprits-club-150ml","status":"publish","type":"product","link":"https:\/\/ursus.ee\/en\/toode\/oliprits-club-150ml\/","title":{"rendered":"\u00d5liprits Club 150ml"},"content":{"rendered":"<p>Dosaator sobib ideaalselt \u00f5li ja \u00e4\u00e4dika t\u00e4pseks serveerimiseks, tagades teie roogade t\u00e4iusliku maitsestamise. Selle elegantne disain ja l\u00e4bipaistev korpus v\u00f5imaldavad teil sisu h\u00f5lpsalt n\u00e4ha, samas kui vastupidavad materjalid tagavad pikaealisuse ja lihtsa puhastamise. Valmistatud kvaliteetsest roostevabast terasest, klaasist ja vastupidavast plastist.<br \/>\nNii koduseks kasutamiseks kui ka toitlustusettev\u00f5tetes. M\u00f5\u00f5dud: l\u00e4bim\u00f5\u00f5t 5 cm &#8211; k\u00f5rgus 18 cm<\/p>\n","protected":false},"excerpt":{"rendered":"<p>Dosaator sobib ideaalselt \u00f5li ja \u00e4\u00e4dika t\u00e4pseks serveerimiseks, tagades teie roogade t\u00e4iusliku maitsestamise. Selle elegantne disain ja l\u00e4bipaistev korpus v\u00f5imaldavad teil sisu h\u00f5lpsalt n\u00e4ha, samas kui vastupidavad materjalid tagavad pikaealisuse ja lihtsa puhastamise. Valmistatud kvaliteetsest roostevabast terasest, klaasist ja vastupidavast plastist. Nii koduseks kasutamiseks kui ka toitlustusettev\u00f5tetes. M\u00f5\u00f5dud: l\u00e4bim\u00f5\u00f5t 5 cm &#8211; k\u00f5rgus 18 cm<\/p>\n","protected":false},"featured_media":18657,"comment_status":"closed","ping_status":"open","template":"","meta":{"_acf_changed":false},"product_brand":[840],"product_cat":[405,490],"product_tag":[],"class_list":{"0":"post-18656","1":"product","2":"type-product","3":"status-publish","4":"has-post-thumbnail","6":"product_brand-tescoma","7":"product_cat-koogitarbed","8":"product_cat-koogitarvikud","9":"pa_paritolumaa-hiina","10":"pa_uhik-tk","12":"first","13":"instock","14":"purchasable","15":"product-type-simple"},"acf":[],"_links":{"self":[{"href":"https:\/\/ursus.ee\/en\/wp-json\/wp\/v2\/product\/18656","targetHints":{"allow":["GET"]}}],"collection":[{"href":"https:\/\/ursus.ee\/en\/wp-json\/wp\/v2\/product"}],"about":[{"href":"https:\/\/ursus.ee\/en\/wp-json\/wp\/v2\/types\/product"}],"replies":[{"embeddable":true,"href":"https:\/\/ursus.ee\/en\/wp-json\/wp\/v2\/comments?post=18656"}],"wp:featuredmedia":[{"embeddable":true,"href":"https:\/\/ursus.ee\/en\/wp-json\/wp\/v2\/media\/18657"}],"wp:attachment":[{"href":"https:\/\/ursus.ee\/en\/wp-json\/wp\/v2\/media?parent=18656"}],"wp:term":[{"taxonomy":"product_brand","embeddable":true,"href":"https:\/\/ursus.ee\/en\/wp-json\/wp\/v2\/product_brand?post=18656"},{"taxonomy":"product_cat","embeddable":true,"href":"https:\/\/ursus.ee\/en\/wp-json\/wp\/v2\/product_cat?post=18656"},{"taxonomy":"product_tag","embeddable":true,"href":"https:\/\/ursus.ee\/en\/wp-json\/wp\/v2\/product_tag?post=18656"}],"curies":[{"name":"wp","href":"https:\/\/api.w.org\/{rel}","templated":true}]}}