{"id":18653,"date":"2026-05-11T17:04:21","date_gmt":"2026-05-11T14:04:21","guid":{"rendered":"https:\/\/ursus.ee\/toode\/oli-aadika-dosaator-vitamino-500ml\/"},"modified":"2026-05-14T15:38:43","modified_gmt":"2026-05-14T12:38:43","slug":"oli-aadika-dosaator-vitamino-500ml","status":"publish","type":"product","link":"https:\/\/ursus.ee\/en\/toode\/oli-aadika-dosaator-vitamino-500ml\/","title":{"rendered":"\u00d5li\/ \u00e4\u00e4dika dosaator Vitamino 500ml"},"content":{"rendered":"<p>Spetsiaalne anum toidu\u00f5li v\u00f5i \u00e4\u00e4dika hoiustamiseks ja mugavaks kasutamiseks. Dosaator on valmistatud kvaliteetsest borosilikaadist, valamistila silikoonist ja kork plastikust. Pestav n\u00f5udepesumasinas. Maht 500ml.<\/p>\n","protected":false},"excerpt":{"rendered":"<p>Spetsiaalne anum toidu\u00f5li v\u00f5i \u00e4\u00e4dika hoiustamiseks ja mugavaks kasutamiseks. Dosaator on valmistatud kvaliteetsest borosilikaadist, valamistila silikoonist ja kork plastikust. Pestav n\u00f5udepesumasinas. Maht 500ml.<\/p>\n","protected":false},"featured_media":18654,"comment_status":"closed","ping_status":"open","template":"","meta":{"_acf_changed":false},"product_brand":[840],"product_cat":[405,490],"product_tag":[],"class_list":{"0":"post-18653","1":"product","2":"type-product","3":"status-publish","4":"has-post-thumbnail","6":"product_brand-tescoma","7":"product_cat-koogitarbed","8":"product_cat-koogitarvikud","9":"pa_paritolumaa-tsehhi-vabariik","10":"pa_uhik-tk","12":"first","13":"instock","14":"purchasable","15":"product-type-simple"},"acf":[],"_links":{"self":[{"href":"https:\/\/ursus.ee\/en\/wp-json\/wp\/v2\/product\/18653","targetHints":{"allow":["GET"]}}],"collection":[{"href":"https:\/\/ursus.ee\/en\/wp-json\/wp\/v2\/product"}],"about":[{"href":"https:\/\/ursus.ee\/en\/wp-json\/wp\/v2\/types\/product"}],"replies":[{"embeddable":true,"href":"https:\/\/ursus.ee\/en\/wp-json\/wp\/v2\/comments?post=18653"}],"wp:featuredmedia":[{"embeddable":true,"href":"https:\/\/ursus.ee\/en\/wp-json\/wp\/v2\/media\/18654"}],"wp:attachment":[{"href":"https:\/\/ursus.ee\/en\/wp-json\/wp\/v2\/media?parent=18653"}],"wp:term":[{"taxonomy":"product_brand","embeddable":true,"href":"https:\/\/ursus.ee\/en\/wp-json\/wp\/v2\/product_brand?post=18653"},{"taxonomy":"product_cat","embeddable":true,"href":"https:\/\/ursus.ee\/en\/wp-json\/wp\/v2\/product_cat?post=18653"},{"taxonomy":"product_tag","embeddable":true,"href":"https:\/\/ursus.ee\/en\/wp-json\/wp\/v2\/product_tag?post=18653"}],"curies":[{"name":"wp","href":"https:\/\/api.w.org\/{rel}","templated":true}]}}