{"id":18643,"date":"2026-05-11T17:00:30","date_gmt":"2026-05-11T14:00:30","guid":{"rendered":"https:\/\/ursus.ee\/toode\/loikelaud-akaatsiapuidust-feelwood-ovaalne-27x18cm\/"},"modified":"2026-05-14T15:38:43","modified_gmt":"2026-05-14T12:38:43","slug":"loikelaud-akaatsiapuidust-feelwood-ovaalne-27x18cm","status":"publish","type":"product","link":"https:\/\/ursus.ee\/en\/toode\/loikelaud-akaatsiapuidust-feelwood-ovaalne-27x18cm\/","title":{"rendered":"L\u00f5ikelaud akaatsiapuidust Feelwood, ovaalne 27x18cm"},"content":{"rendered":"<p>Ovaalne l\u00f5ikelaud sobib suurep\u00e4raselt ka toitude stiilseks serveerimiseks. Valmistatud v\u00e4ga vastupidavast akaatsiapuidust. 3-aastane garantii. Puhastamine ja hooldus: Puhastage jooksva vee all ja kuivatage. Mitte pesta n\u00f5udepesumasinas. Ideaalse v\u00e4limuse s\u00e4ilitamiseks soovitame kasutada puidust k\u00f6\u00f6gi l\u00f5ikelaudade mineraal\u00f5li.<\/p>\n<p>KASUTAMINE:<br \/>\nPuhastage jooksva vee all ja kuivatage. Mitte pesta n\u00f5udepesumasinas. Ideaalse v\u00e4limuse s\u00e4ilitamiseks soovitame kasutada puidust k\u00f6\u00f6gi l\u00f5ikelaudade mineraal\u00f5li.<\/p>\n","protected":false},"excerpt":{"rendered":"<p>Ovaalne l\u00f5ikelaud sobib suurep\u00e4raselt ka toitude stiilseks serveerimiseks. Valmistatud v\u00e4ga vastupidavast akaatsiapuidust. 3-aastane garantii. Puhastamine ja hooldus: Puhastage jooksva vee all ja kuivatage. Mitte pesta n\u00f5udepesumasinas. Ideaalse v\u00e4limuse s\u00e4ilitamiseks soovitame kasutada puidust k\u00f6\u00f6gi l\u00f5ikelaudade mineraal\u00f5li. KASUTAMINE: Puhastage jooksva vee all ja kuivatage. Mitte pesta n\u00f5udepesumasinas. Ideaalse v\u00e4limuse s\u00e4ilitamiseks soovitame kasutada puidust k\u00f6\u00f6gi l\u00f5ikelaudade mineraal\u00f5li.<\/p>\n","protected":false},"featured_media":18644,"comment_status":"closed","ping_status":"open","template":"","meta":{"_acf_changed":false},"product_brand":[840],"product_cat":[405,490],"product_tag":[],"class_list":{"0":"post-18643","1":"product","2":"type-product","3":"status-publish","4":"has-post-thumbnail","6":"product_brand-tescoma","7":"product_cat-koogitarbed","8":"product_cat-koogitarvikud","9":"pa_paritolumaa-hiina","10":"pa_uhik-tk","12":"first","13":"instock","14":"purchasable","15":"product-type-simple"},"acf":[],"_links":{"self":[{"href":"https:\/\/ursus.ee\/en\/wp-json\/wp\/v2\/product\/18643","targetHints":{"allow":["GET"]}}],"collection":[{"href":"https:\/\/ursus.ee\/en\/wp-json\/wp\/v2\/product"}],"about":[{"href":"https:\/\/ursus.ee\/en\/wp-json\/wp\/v2\/types\/product"}],"replies":[{"embeddable":true,"href":"https:\/\/ursus.ee\/en\/wp-json\/wp\/v2\/comments?post=18643"}],"wp:featuredmedia":[{"embeddable":true,"href":"https:\/\/ursus.ee\/en\/wp-json\/wp\/v2\/media\/18644"}],"wp:attachment":[{"href":"https:\/\/ursus.ee\/en\/wp-json\/wp\/v2\/media?parent=18643"}],"wp:term":[{"taxonomy":"product_brand","embeddable":true,"href":"https:\/\/ursus.ee\/en\/wp-json\/wp\/v2\/product_brand?post=18643"},{"taxonomy":"product_cat","embeddable":true,"href":"https:\/\/ursus.ee\/en\/wp-json\/wp\/v2\/product_cat?post=18643"},{"taxonomy":"product_tag","embeddable":true,"href":"https:\/\/ursus.ee\/en\/wp-json\/wp\/v2\/product_tag?post=18643"}],"curies":[{"name":"wp","href":"https:\/\/api.w.org\/{rel}","templated":true}]}}