{"id":18637,"date":"2026-05-11T17:00:30","date_gmt":"2026-05-11T14:00:30","guid":{"rendered":"https:\/\/ursus.ee\/toode\/serveerimisalus-30x20cm-grandchef\/"},"modified":"2026-05-14T14:54:14","modified_gmt":"2026-05-14T11:54:14","slug":"serveerimisalus-30x20cm-grandchef","status":"publish","type":"product","link":"https:\/\/ursus.ee\/en\/toode\/serveerimisalus-30x20cm-grandchef\/","title":{"rendered":"Serveerimisalus 30x20cm GrandChef"},"content":{"rendered":"<p>Luksusliku v\u00e4limusega serveerimisalus suupistete, magustoitude ja muu toidu serveerimiseks. Valmistatud looduslikust kiltkivist. Serveerimisalusel on libisemisevastased jalakesed, mis hoiavad selle turvaliselt paigal. Mitte pesta n\u00f5udepesumasinas. M\u00f5\u00f5dud 30&#215;20 cm.<\/p>\n","protected":false},"excerpt":{"rendered":"<p>Luksusliku v\u00e4limusega serveerimisalus suupistete, magustoitude ja muu toidu serveerimiseks. Valmistatud looduslikust kiltkivist. Serveerimisalusel on libisemisevastased jalakesed, mis hoiavad selle turvaliselt paigal. Mitte pesta n\u00f5udepesumasinas. M\u00f5\u00f5dud 30&#215;20 cm.<\/p>\n","protected":false},"featured_media":18638,"comment_status":"closed","ping_status":"open","template":"","meta":{"_acf_changed":false},"product_brand":[840],"product_cat":[846],"product_tag":[],"class_list":{"0":"post-18637","1":"product","2":"type-product","3":"status-publish","4":"has-post-thumbnail","6":"product_brand-tescoma","7":"product_cat-laua-ja-serveerimisnoud","8":"pa_paritolumaa-hiina","9":"pa_uhik-tk","11":"first","12":"instock","13":"purchasable","14":"product-type-simple"},"acf":[],"_links":{"self":[{"href":"https:\/\/ursus.ee\/en\/wp-json\/wp\/v2\/product\/18637","targetHints":{"allow":["GET"]}}],"collection":[{"href":"https:\/\/ursus.ee\/en\/wp-json\/wp\/v2\/product"}],"about":[{"href":"https:\/\/ursus.ee\/en\/wp-json\/wp\/v2\/types\/product"}],"replies":[{"embeddable":true,"href":"https:\/\/ursus.ee\/en\/wp-json\/wp\/v2\/comments?post=18637"}],"wp:featuredmedia":[{"embeddable":true,"href":"https:\/\/ursus.ee\/en\/wp-json\/wp\/v2\/media\/18638"}],"wp:attachment":[{"href":"https:\/\/ursus.ee\/en\/wp-json\/wp\/v2\/media?parent=18637"}],"wp:term":[{"taxonomy":"product_brand","embeddable":true,"href":"https:\/\/ursus.ee\/en\/wp-json\/wp\/v2\/product_brand?post=18637"},{"taxonomy":"product_cat","embeddable":true,"href":"https:\/\/ursus.ee\/en\/wp-json\/wp\/v2\/product_cat?post=18637"},{"taxonomy":"product_tag","embeddable":true,"href":"https:\/\/ursus.ee\/en\/wp-json\/wp\/v2\/product_tag?post=18637"}],"curies":[{"name":"wp","href":"https:\/\/api.w.org\/{rel}","templated":true}]}}