{"id":18634,"date":"2026-05-11T17:00:30","date_gmt":"2026-05-11T14:00:30","guid":{"rendered":"https:\/\/ursus.ee\/toode\/teekann-monte-carlo-15l\/"},"modified":"2026-05-14T15:38:45","modified_gmt":"2026-05-14T12:38:45","slug":"teekann-monte-carlo-15l","status":"publish","type":"product","link":"https:\/\/ursus.ee\/en\/toode\/teekann-monte-carlo-15l\/","title":{"rendered":"Teekann Monte Carlo 1,5L"},"content":{"rendered":"<p>Klaasist teekann mahuka s\u00f5elaga teepurule, \u00fcrtidele v\u00f5i maitset andvatele marjadele. Valmistatud kuumakindlast borosilikaadist ja kuumakindlast plastikust. Sobilik kasutamisel gaasipliidil, keraamilisel pliidil ja mikrolaineahjus. Kannu maht 1,5 liitrit.<\/p>\n","protected":false},"excerpt":{"rendered":"<p>Klaasist teekann mahuka s\u00f5elaga teepurule, \u00fcrtidele v\u00f5i maitset andvatele marjadele. Valmistatud kuumakindlast borosilikaadist ja kuumakindlast plastikust. Sobilik kasutamisel gaasipliidil, keraamilisel pliidil ja mikrolaineahjus. Kannu maht 1,5 liitrit.<\/p>\n","protected":false},"featured_media":18635,"comment_status":"closed","ping_status":"open","template":"","meta":{"_acf_changed":false},"product_brand":[840],"product_cat":[405,490],"product_tag":[],"class_list":{"0":"post-18634","1":"product","2":"type-product","3":"status-publish","4":"has-post-thumbnail","6":"product_brand-tescoma","7":"product_cat-koogitarbed","8":"product_cat-koogitarvikud","9":"pa_paritolumaa-tsehhi-vabariik","10":"pa_uhik-tk","12":"first","13":"instock","14":"purchasable","15":"product-type-simple"},"acf":[],"_links":{"self":[{"href":"https:\/\/ursus.ee\/en\/wp-json\/wp\/v2\/product\/18634","targetHints":{"allow":["GET"]}}],"collection":[{"href":"https:\/\/ursus.ee\/en\/wp-json\/wp\/v2\/product"}],"about":[{"href":"https:\/\/ursus.ee\/en\/wp-json\/wp\/v2\/types\/product"}],"replies":[{"embeddable":true,"href":"https:\/\/ursus.ee\/en\/wp-json\/wp\/v2\/comments?post=18634"}],"wp:featuredmedia":[{"embeddable":true,"href":"https:\/\/ursus.ee\/en\/wp-json\/wp\/v2\/media\/18635"}],"wp:attachment":[{"href":"https:\/\/ursus.ee\/en\/wp-json\/wp\/v2\/media?parent=18634"}],"wp:term":[{"taxonomy":"product_brand","embeddable":true,"href":"https:\/\/ursus.ee\/en\/wp-json\/wp\/v2\/product_brand?post=18634"},{"taxonomy":"product_cat","embeddable":true,"href":"https:\/\/ursus.ee\/en\/wp-json\/wp\/v2\/product_cat?post=18634"},{"taxonomy":"product_tag","embeddable":true,"href":"https:\/\/ursus.ee\/en\/wp-json\/wp\/v2\/product_tag?post=18634"}],"curies":[{"name":"wp","href":"https:\/\/api.w.org\/{rel}","templated":true}]}}