{"id":18628,"date":"2026-05-11T17:00:30","date_gmt":"2026-05-11T14:00:30","guid":{"rendered":"https:\/\/ursus.ee\/toode\/teekann-soelaga-teo-125l\/"},"modified":"2026-05-14T15:38:45","modified_gmt":"2026-05-14T12:38:45","slug":"teekann-soelaga-teo-125l","status":"publish","type":"product","link":"https:\/\/ursus.ee\/en\/toode\/teekann-soelaga-teo-125l\/","title":{"rendered":"Teekann s\u00f5elaga Teo 1,25L"},"content":{"rendered":"<p>Teekann on sobilik tee- v\u00f5i kohvivee keetmiseks, purutee v\u00f5i kohvi v\u00f5ib asetada spetsiaalse s\u00f5elaga otse kannu. Kann on valmistatud kuumakindlast borosilikaadist, k\u00e4epide ja kaas vastupidavast plastikust. Tee- v\u00f5i kohvikann on sobilik kasutamiseks gaasi-, elektri- v\u00f5i keraamilisel pliidil v\u00f5i mikrolaineahjus. Mitte pesta n\u00f5udepesumasinas, ainult k\u00e4sipesu.<\/p>\n","protected":false},"excerpt":{"rendered":"<p>Teekann on sobilik tee- v\u00f5i kohvivee keetmiseks, purutee v\u00f5i kohvi v\u00f5ib asetada spetsiaalse s\u00f5elaga otse kannu. Kann on valmistatud kuumakindlast borosilikaadist, k\u00e4epide ja kaas vastupidavast plastikust. Tee- v\u00f5i kohvikann on sobilik kasutamiseks gaasi-, elektri- v\u00f5i keraamilisel pliidil v\u00f5i mikrolaineahjus. Mitte pesta n\u00f5udepesumasinas, ainult k\u00e4sipesu.<\/p>\n","protected":false},"featured_media":18629,"comment_status":"closed","ping_status":"open","template":"","meta":{"_acf_changed":false},"product_brand":[840],"product_cat":[405,490],"product_tag":[],"class_list":{"0":"post-18628","1":"product","2":"type-product","3":"status-publish","4":"has-post-thumbnail","6":"product_brand-tescoma","7":"product_cat-koogitarbed","8":"product_cat-koogitarvikud","9":"pa_paritolumaa-tsehhi-vabariik","10":"pa_uhik-tk","12":"first","13":"instock","14":"purchasable","15":"product-type-simple"},"acf":[],"_links":{"self":[{"href":"https:\/\/ursus.ee\/en\/wp-json\/wp\/v2\/product\/18628","targetHints":{"allow":["GET"]}}],"collection":[{"href":"https:\/\/ursus.ee\/en\/wp-json\/wp\/v2\/product"}],"about":[{"href":"https:\/\/ursus.ee\/en\/wp-json\/wp\/v2\/types\/product"}],"replies":[{"embeddable":true,"href":"https:\/\/ursus.ee\/en\/wp-json\/wp\/v2\/comments?post=18628"}],"wp:featuredmedia":[{"embeddable":true,"href":"https:\/\/ursus.ee\/en\/wp-json\/wp\/v2\/media\/18629"}],"wp:attachment":[{"href":"https:\/\/ursus.ee\/en\/wp-json\/wp\/v2\/media?parent=18628"}],"wp:term":[{"taxonomy":"product_brand","embeddable":true,"href":"https:\/\/ursus.ee\/en\/wp-json\/wp\/v2\/product_brand?post=18628"},{"taxonomy":"product_cat","embeddable":true,"href":"https:\/\/ursus.ee\/en\/wp-json\/wp\/v2\/product_cat?post=18628"},{"taxonomy":"product_tag","embeddable":true,"href":"https:\/\/ursus.ee\/en\/wp-json\/wp\/v2\/product_tag?post=18628"}],"curies":[{"name":"wp","href":"https:\/\/api.w.org\/{rel}","templated":true}]}}