{"id":18625,"date":"2026-05-11T17:00:30","date_gmt":"2026-05-11T14:00:30","guid":{"rendered":"https:\/\/ursus.ee\/toode\/tee-kohvikann-teo-06l\/"},"modified":"2026-05-14T15:38:45","modified_gmt":"2026-05-14T12:38:45","slug":"tee-kohvikann-teo-06l","status":"publish","type":"product","link":"https:\/\/ursus.ee\/en\/toode\/tee-kohvikann-teo-06l\/","title":{"rendered":"Tee-\/ kohvikann Teo 0,6L"},"content":{"rendered":"<p>Asetage kuumakindlasse kannu soovitud hulk teepuru v\u00f5i kohvi ning valage need \u00fcle kuuma veega. J\u00e4tke paariks minutiks t\u00f5mbama ning serveerimiseks vajutage s\u00f5el aeglase liigutusega alla. Valmistatud kuumakindlast klaasist, kvaliteetsest roostevabas terasest ja vastupidavast plastikust.<\/p>\n<p>KASUTAMINE:<br \/>\nEnne esmast kasutamist pese ja kuivata kannu k\u00f5ik osad. Lisa soovitud kogus teelehti v\u00f5i kohvipulbrit. Kalla peale kuum vesi (maksimaalselt 2,5 cm \u00fclemisest servast allpool). Mitte kallata keevat vett. Kui vesi on keedukannus keenud, oodata m\u00f5ni sekund enne teekannu kallamist. Sega kohvi korralikult l\u00e4bi, v\u00e4ltides metallriistade kasutamist. Teed mitte segada. Aseta kannule peale filtriga kaas ning j\u00e4ta t\u00f5mbama, filtrit alla surumata. Soovitud aja m\u00f6\u00f6dudes suru filter aeglaselt alla. Tee v\u00f5i kohvi on serveerimiseks valmis, kui filter on j\u00f5udnud k\u00f5ige alumisse asendisse. Kui filter ummistub ja surumine n\u00f5uab liigset survet, l\u00f5petage kohe valmistamine. Eemaldage filter, loputage seda jooksva vee all, segage kohv ja alustage uuesti pressimist. Hooldus:Eemaldatav klaasist anum on pestav n\u00f5udepesumasinas. Metallist ja plastikust osi mitte pesta n\u00f5udepesumasinas. Loputage filtrit p\u00e4rast iga kasutuskorda p\u00f5hjalikult ja puhastage j\u00e4\u00e4kidest, vajadusel leotada. V\u00e4ltige puhastamisel k\u00fc\u00fcrimisvahendeid, agressiivseid kemikaale ja abrasiivseid puhastusvahendeid. <\/p>\n<p>OHUTUS:<br \/>\nKann ei ole ette n\u00e4htud jookide keetmiseks v\u00f5i soojendamiseks pliidil, kuuma\u00f5hufrit\u00fc\u00fcris ega mikrolaineahjus. Enne iga kasutuskorda kontrollida, ega klaasil ei ole m\u00f5rasid. \u00c4rge laske kannu kasutada lastel v\u00f5i erivajadusega inimesel k\u00f5rvalise abita \u2013 k\u00f5rvetamise oht.<\/p>\n","protected":false},"excerpt":{"rendered":"<p>Asetage kuumakindlasse kannu soovitud hulk teepuru v\u00f5i kohvi ning valage need \u00fcle kuuma veega. J\u00e4tke paariks minutiks t\u00f5mbama ning serveerimiseks vajutage s\u00f5el aeglase liigutusega alla. Valmistatud kuumakindlast klaasist, kvaliteetsest roostevabas terasest ja vastupidavast plastikust. KASUTAMINE: Enne esmast kasutamist pese ja kuivata kannu k\u00f5ik osad. Lisa soovitud kogus teelehti v\u00f5i kohvipulbrit. Kalla peale kuum vesi (maksimaalselt<\/p>\n","protected":false},"featured_media":18626,"comment_status":"closed","ping_status":"open","template":"","meta":{"_acf_changed":false},"product_brand":[840],"product_cat":[405,490],"product_tag":[],"class_list":{"0":"post-18625","1":"product","2":"type-product","3":"status-publish","4":"has-post-thumbnail","6":"product_brand-tescoma","7":"product_cat-koogitarbed","8":"product_cat-koogitarvikud","9":"pa_paritolumaa-hiina","10":"pa_uhik-tk","12":"first","13":"instock","14":"purchasable","15":"product-type-simple"},"acf":[],"_links":{"self":[{"href":"https:\/\/ursus.ee\/en\/wp-json\/wp\/v2\/product\/18625","targetHints":{"allow":["GET"]}}],"collection":[{"href":"https:\/\/ursus.ee\/en\/wp-json\/wp\/v2\/product"}],"about":[{"href":"https:\/\/ursus.ee\/en\/wp-json\/wp\/v2\/types\/product"}],"replies":[{"embeddable":true,"href":"https:\/\/ursus.ee\/en\/wp-json\/wp\/v2\/comments?post=18625"}],"wp:featuredmedia":[{"embeddable":true,"href":"https:\/\/ursus.ee\/en\/wp-json\/wp\/v2\/media\/18626"}],"wp:attachment":[{"href":"https:\/\/ursus.ee\/en\/wp-json\/wp\/v2\/media?parent=18625"}],"wp:term":[{"taxonomy":"product_brand","embeddable":true,"href":"https:\/\/ursus.ee\/en\/wp-json\/wp\/v2\/product_brand?post=18625"},{"taxonomy":"product_cat","embeddable":true,"href":"https:\/\/ursus.ee\/en\/wp-json\/wp\/v2\/product_cat?post=18625"},{"taxonomy":"product_tag","embeddable":true,"href":"https:\/\/ursus.ee\/en\/wp-json\/wp\/v2\/product_tag?post=18625"}],"curies":[{"name":"wp","href":"https:\/\/api.w.org\/{rel}","templated":true}]}}