{"id":18622,"date":"2026-05-11T17:00:30","date_gmt":"2026-05-11T14:00:30","guid":{"rendered":"https:\/\/ursus.ee\/toode\/moodukann-klaasist-delicia-1l\/"},"modified":"2026-05-14T15:38:43","modified_gmt":"2026-05-14T12:38:43","slug":"moodukann-klaasist-delicia-1l","status":"publish","type":"product","link":"https:\/\/ursus.ee\/en\/toode\/moodukann-klaasist-delicia-1l\/","title":{"rendered":"M\u00f5\u00f5dukann klaasist Delicia 1l"},"content":{"rendered":"<p>Klaasist m\u00f5\u00f5dukann t\u00e4pseks vedelike m\u00f5\u00f5tmiseks ja soojendamiseks ning kuivainete m\u00f5\u00f5tmiseks, doseerimiseks. Valmistatud kuumakindlast boorsilikaatklaasist, sobib kasutamiseks elektri- ja gaasipliidil, mikrolaineahjus, k\u00fclmutuskapis ja on n\u00f5udepesumas pestav. 3-aastane garantii.<\/p>\n","protected":false},"excerpt":{"rendered":"<p>Klaasist m\u00f5\u00f5dukann t\u00e4pseks vedelike m\u00f5\u00f5tmiseks ja soojendamiseks ning kuivainete m\u00f5\u00f5tmiseks, doseerimiseks. Valmistatud kuumakindlast boorsilikaatklaasist, sobib kasutamiseks elektri- ja gaasipliidil, mikrolaineahjus, k\u00fclmutuskapis ja on n\u00f5udepesumas pestav. 3-aastane garantii.<\/p>\n","protected":false},"featured_media":18623,"comment_status":"closed","ping_status":"open","template":"","meta":{"_acf_changed":false},"product_brand":[840],"product_cat":[405,490],"product_tag":[],"class_list":{"0":"post-18622","1":"product","2":"type-product","3":"status-publish","4":"has-post-thumbnail","6":"product_brand-tescoma","7":"product_cat-koogitarbed","8":"product_cat-koogitarvikud","9":"pa_koostis-klaas","10":"pa_paritolumaa-tsehhi-vabariik","11":"pa_uhik-tk","13":"first","14":"instock","15":"purchasable","16":"product-type-simple"},"acf":[],"_links":{"self":[{"href":"https:\/\/ursus.ee\/en\/wp-json\/wp\/v2\/product\/18622","targetHints":{"allow":["GET"]}}],"collection":[{"href":"https:\/\/ursus.ee\/en\/wp-json\/wp\/v2\/product"}],"about":[{"href":"https:\/\/ursus.ee\/en\/wp-json\/wp\/v2\/types\/product"}],"replies":[{"embeddable":true,"href":"https:\/\/ursus.ee\/en\/wp-json\/wp\/v2\/comments?post=18622"}],"wp:featuredmedia":[{"embeddable":true,"href":"https:\/\/ursus.ee\/en\/wp-json\/wp\/v2\/media\/18623"}],"wp:attachment":[{"href":"https:\/\/ursus.ee\/en\/wp-json\/wp\/v2\/media?parent=18622"}],"wp:term":[{"taxonomy":"product_brand","embeddable":true,"href":"https:\/\/ursus.ee\/en\/wp-json\/wp\/v2\/product_brand?post=18622"},{"taxonomy":"product_cat","embeddable":true,"href":"https:\/\/ursus.ee\/en\/wp-json\/wp\/v2\/product_cat?post=18622"},{"taxonomy":"product_tag","embeddable":true,"href":"https:\/\/ursus.ee\/en\/wp-json\/wp\/v2\/product_tag?post=18622"}],"curies":[{"name":"wp","href":"https:\/\/api.w.org\/{rel}","templated":true}]}}