{"id":18616,"date":"2026-05-11T17:00:30","date_gmt":"2026-05-11T14:00:30","guid":{"rendered":"https:\/\/ursus.ee\/toode\/moodukann-delicia-05l\/"},"modified":"2026-05-14T15:38:43","modified_gmt":"2026-05-14T12:38:43","slug":"moodukann-delicia-05l","status":"publish","type":"product","link":"https:\/\/ursus.ee\/en\/toode\/moodukann-delicia-05l\/","title":{"rendered":"M\u00f5\u00f5dukann Delicia 0,5l"},"content":{"rendered":"<p>Plastikmaterjalist m\u00f5\u00f5dukann t\u00e4pseks vedelike ja kuivainete doseerimiseks. N\u00f5udepesumasinas pestav. Maht 0,5 liitrit.<\/p>\n","protected":false},"excerpt":{"rendered":"<p>Plastikmaterjalist m\u00f5\u00f5dukann t\u00e4pseks vedelike ja kuivainete doseerimiseks. N\u00f5udepesumasinas pestav. Maht 0,5 liitrit.<\/p>\n","protected":false},"featured_media":18617,"comment_status":"closed","ping_status":"open","template":"","meta":{"_acf_changed":false},"product_brand":[840],"product_cat":[405,490],"product_tag":[],"class_list":{"0":"post-18616","1":"product","2":"type-product","3":"status-publish","4":"has-post-thumbnail","6":"product_brand-tescoma","7":"product_cat-koogitarbed","8":"product_cat-koogitarvikud","9":"pa_paritolumaa-hiina","10":"pa_uhik-tk","12":"first","13":"instock","14":"purchasable","15":"product-type-simple"},"acf":[],"_links":{"self":[{"href":"https:\/\/ursus.ee\/en\/wp-json\/wp\/v2\/product\/18616","targetHints":{"allow":["GET"]}}],"collection":[{"href":"https:\/\/ursus.ee\/en\/wp-json\/wp\/v2\/product"}],"about":[{"href":"https:\/\/ursus.ee\/en\/wp-json\/wp\/v2\/types\/product"}],"replies":[{"embeddable":true,"href":"https:\/\/ursus.ee\/en\/wp-json\/wp\/v2\/comments?post=18616"}],"wp:featuredmedia":[{"embeddable":true,"href":"https:\/\/ursus.ee\/en\/wp-json\/wp\/v2\/media\/18617"}],"wp:attachment":[{"href":"https:\/\/ursus.ee\/en\/wp-json\/wp\/v2\/media?parent=18616"}],"wp:term":[{"taxonomy":"product_brand","embeddable":true,"href":"https:\/\/ursus.ee\/en\/wp-json\/wp\/v2\/product_brand?post=18616"},{"taxonomy":"product_cat","embeddable":true,"href":"https:\/\/ursus.ee\/en\/wp-json\/wp\/v2\/product_cat?post=18616"},{"taxonomy":"product_tag","embeddable":true,"href":"https:\/\/ursus.ee\/en\/wp-json\/wp\/v2\/product_tag?post=18616"}],"curies":[{"name":"wp","href":"https:\/\/api.w.org\/{rel}","templated":true}]}}