{"id":18600,"date":"2026-05-11T17:00:30","date_gmt":"2026-05-11T14:00:30","guid":{"rendered":"https:\/\/ursus.ee\/toode\/umbris-pudeli-jahutamiseks-uno-vino\/"},"modified":"2026-05-14T15:38:46","modified_gmt":"2026-05-14T12:38:46","slug":"umbris-pudeli-jahutamiseks-uno-vino","status":"publish","type":"product","link":"https:\/\/ursus.ee\/en\/toode\/umbris-pudeli-jahutamiseks-uno-vino\/","title":{"rendered":"\u00dcmbris pudeli jahutamiseks Uno Vino"},"content":{"rendered":"<p>Jahutab kiiresti k\u00f5ik tavalised pudelid valge, roosa, punase ja vahuveiniga. Valmistatud vastupidavast s\u00fcnteetilisest kangast koos t\u00f5husate geelipakkidega, painduvate rihmadega, mis sobivad kindlalt \u00fcmber pudeli ja v\u00f5imaldab jooki mugavalt valada. 3-aastane garantii.<\/p>\n","protected":false},"excerpt":{"rendered":"<p>Jahutab kiiresti k\u00f5ik tavalised pudelid valge, roosa, punase ja vahuveiniga. Valmistatud vastupidavast s\u00fcnteetilisest kangast koos t\u00f5husate geelipakkidega, painduvate rihmadega, mis sobivad kindlalt \u00fcmber pudeli ja v\u00f5imaldab jooki mugavalt valada. 3-aastane garantii.<\/p>\n","protected":false},"featured_media":18601,"comment_status":"closed","ping_status":"open","template":"","meta":{"_acf_changed":false},"product_brand":[840],"product_cat":[405,490],"product_tag":[],"class_list":{"0":"post-18600","1":"product","2":"type-product","3":"status-publish","4":"has-post-thumbnail","6":"product_brand-tescoma","7":"product_cat-koogitarbed","8":"product_cat-koogitarvikud","9":"pa_paritolumaa-hiina","10":"pa_uhik-tk","12":"first","13":"instock","14":"purchasable","15":"product-type-simple"},"acf":[],"_links":{"self":[{"href":"https:\/\/ursus.ee\/en\/wp-json\/wp\/v2\/product\/18600","targetHints":{"allow":["GET"]}}],"collection":[{"href":"https:\/\/ursus.ee\/en\/wp-json\/wp\/v2\/product"}],"about":[{"href":"https:\/\/ursus.ee\/en\/wp-json\/wp\/v2\/types\/product"}],"replies":[{"embeddable":true,"href":"https:\/\/ursus.ee\/en\/wp-json\/wp\/v2\/comments?post=18600"}],"wp:featuredmedia":[{"embeddable":true,"href":"https:\/\/ursus.ee\/en\/wp-json\/wp\/v2\/media\/18601"}],"wp:attachment":[{"href":"https:\/\/ursus.ee\/en\/wp-json\/wp\/v2\/media?parent=18600"}],"wp:term":[{"taxonomy":"product_brand","embeddable":true,"href":"https:\/\/ursus.ee\/en\/wp-json\/wp\/v2\/product_brand?post=18600"},{"taxonomy":"product_cat","embeddable":true,"href":"https:\/\/ursus.ee\/en\/wp-json\/wp\/v2\/product_cat?post=18600"},{"taxonomy":"product_tag","embeddable":true,"href":"https:\/\/ursus.ee\/en\/wp-json\/wp\/v2\/product_tag?post=18600"}],"curies":[{"name":"wp","href":"https:\/\/api.w.org\/{rel}","templated":true}]}}