{"id":18597,"date":"2026-05-11T16:55:53","date_gmt":"2026-05-11T13:55:53","guid":{"rendered":"https:\/\/ursus.ee\/toode\/veinitermomeeter-uno-vino\/"},"modified":"2026-05-14T15:38:47","modified_gmt":"2026-05-14T12:38:47","slug":"veinitermomeeter-uno-vino","status":"publish","type":"product","link":"https:\/\/ursus.ee\/en\/toode\/veinitermomeeter-uno-vino\/","title":{"rendered":"Veinitermomeeter Uno Vino"},"content":{"rendered":"<p>Suurep\u00e4rane veinide \u00f5ige temperatuuri m\u00f5\u00f5tmiseks. T\u00f5mmake termomeeter pudelile. Temperatuur Celsiuse kraadides kuvatakse umbes 30sek p\u00e4rast. \u00c4rge peske n\u00f5udepesumasinas, \u00e4rge leotage, vajadusel p\u00fchkige. 3-aastane garantii.<\/p>\n","protected":false},"excerpt":{"rendered":"<p>Suurep\u00e4rane veinide \u00f5ige temperatuuri m\u00f5\u00f5tmiseks. T\u00f5mmake termomeeter pudelile. Temperatuur Celsiuse kraadides kuvatakse umbes 30sek p\u00e4rast. \u00c4rge peske n\u00f5udepesumasinas, \u00e4rge leotage, vajadusel p\u00fchkige. 3-aastane garantii.<\/p>\n","protected":false},"featured_media":18598,"comment_status":"closed","ping_status":"open","template":"","meta":{"_acf_changed":false},"product_brand":[840],"product_cat":[405,490],"product_tag":[],"class_list":{"0":"post-18597","1":"product","2":"type-product","3":"status-publish","4":"has-post-thumbnail","6":"product_brand-tescoma","7":"product_cat-koogitarbed","8":"product_cat-koogitarvikud","9":"pa_paritolumaa-hiina","10":"pa_uhik-tk","12":"first","13":"instock","14":"purchasable","15":"product-type-simple"},"acf":[],"_links":{"self":[{"href":"https:\/\/ursus.ee\/en\/wp-json\/wp\/v2\/product\/18597","targetHints":{"allow":["GET"]}}],"collection":[{"href":"https:\/\/ursus.ee\/en\/wp-json\/wp\/v2\/product"}],"about":[{"href":"https:\/\/ursus.ee\/en\/wp-json\/wp\/v2\/types\/product"}],"replies":[{"embeddable":true,"href":"https:\/\/ursus.ee\/en\/wp-json\/wp\/v2\/comments?post=18597"}],"wp:featuredmedia":[{"embeddable":true,"href":"https:\/\/ursus.ee\/en\/wp-json\/wp\/v2\/media\/18598"}],"wp:attachment":[{"href":"https:\/\/ursus.ee\/en\/wp-json\/wp\/v2\/media?parent=18597"}],"wp:term":[{"taxonomy":"product_brand","embeddable":true,"href":"https:\/\/ursus.ee\/en\/wp-json\/wp\/v2\/product_brand?post=18597"},{"taxonomy":"product_cat","embeddable":true,"href":"https:\/\/ursus.ee\/en\/wp-json\/wp\/v2\/product_cat?post=18597"},{"taxonomy":"product_tag","embeddable":true,"href":"https:\/\/ursus.ee\/en\/wp-json\/wp\/v2\/product_tag?post=18597"}],"curies":[{"name":"wp","href":"https:\/\/api.w.org\/{rel}","templated":true}]}}