{"id":18591,"date":"2026-05-11T16:55:53","date_gmt":"2026-05-11T13:55:53","guid":{"rendered":"https:\/\/ursus.ee\/toode\/veinipudeli-tila-korgiga-uno-vino\/"},"modified":"2026-05-14T15:38:47","modified_gmt":"2026-05-14T12:38:47","slug":"veinipudeli-tila-korgiga-uno-vino","status":"publish","type":"product","link":"https:\/\/ursus.ee\/en\/toode\/veinipudeli-tila-korgiga-uno-vino\/","title":{"rendered":"Veinipudeli tila korgiga Uno Vino"},"content":{"rendered":"<p>Suurep\u00e4rane veini mugavaks valamiseks ilma tilkumiseta ja pudeli hermeetiliseks sulgemiseks, kinnitades tila k\u00fclge korgi. Vein p\u00fcsib kauem v\u00e4rske. Tila on valmistatud k\u00f5rgekvaliteedilisest roostevabast terasest ja silikoonist, kork vastupidavast plastikust ja silikoonist. 3-aastane garantii.<\/p>\n","protected":false},"excerpt":{"rendered":"<p>Suurep\u00e4rane veini mugavaks valamiseks ilma tilkumiseta ja pudeli hermeetiliseks sulgemiseks, kinnitades tila k\u00fclge korgi. Vein p\u00fcsib kauem v\u00e4rske. Tila on valmistatud k\u00f5rgekvaliteedilisest roostevabast terasest ja silikoonist, kork vastupidavast plastikust ja silikoonist. 3-aastane garantii.<\/p>\n","protected":false},"featured_media":18592,"comment_status":"closed","ping_status":"open","template":"","meta":{"_acf_changed":false},"product_brand":[840],"product_cat":[405,490],"product_tag":[],"class_list":{"0":"post-18591","1":"product","2":"type-product","3":"status-publish","4":"has-post-thumbnail","6":"product_brand-tescoma","7":"product_cat-koogitarbed","8":"product_cat-koogitarvikud","9":"pa_paritolumaa-hiina","10":"pa_uhik-tk","12":"first","13":"instock","14":"purchasable","15":"product-type-simple"},"acf":[],"_links":{"self":[{"href":"https:\/\/ursus.ee\/en\/wp-json\/wp\/v2\/product\/18591","targetHints":{"allow":["GET"]}}],"collection":[{"href":"https:\/\/ursus.ee\/en\/wp-json\/wp\/v2\/product"}],"about":[{"href":"https:\/\/ursus.ee\/en\/wp-json\/wp\/v2\/types\/product"}],"replies":[{"embeddable":true,"href":"https:\/\/ursus.ee\/en\/wp-json\/wp\/v2\/comments?post=18591"}],"wp:featuredmedia":[{"embeddable":true,"href":"https:\/\/ursus.ee\/en\/wp-json\/wp\/v2\/media\/18592"}],"wp:attachment":[{"href":"https:\/\/ursus.ee\/en\/wp-json\/wp\/v2\/media?parent=18591"}],"wp:term":[{"taxonomy":"product_brand","embeddable":true,"href":"https:\/\/ursus.ee\/en\/wp-json\/wp\/v2\/product_brand?post=18591"},{"taxonomy":"product_cat","embeddable":true,"href":"https:\/\/ursus.ee\/en\/wp-json\/wp\/v2\/product_cat?post=18591"},{"taxonomy":"product_tag","embeddable":true,"href":"https:\/\/ursus.ee\/en\/wp-json\/wp\/v2\/product_tag?post=18591"}],"curies":[{"name":"wp","href":"https:\/\/api.w.org\/{rel}","templated":true}]}}