{"id":18577,"date":"2026-05-11T16:55:53","date_gmt":"2026-05-11T13:55:53","guid":{"rendered":"https:\/\/ursus.ee\/toode\/korgitser-uno-vino\/"},"modified":"2026-05-14T15:38:45","modified_gmt":"2026-05-14T12:38:45","slug":"korgitser-uno-vino","status":"publish","type":"product","link":"https:\/\/ursus.ee\/en\/toode\/korgitser-uno-vino\/","title":{"rendered":"Korgitser Uno Vino"},"content":{"rendered":"<p>Sobib igat t\u00fc\u00fcpi veinipudelite h\u00f5lpsaks avamiseks. Suurep\u00e4rane pikkade korkidega luksuslike ja arhiveeritud veinide avamiseks ilma korki rebimata. Professionaalse kaheastmelise s\u00fcsteemiga korgi eemaldamiseks, mittenakkuva kattega spiraaliga ja l\u00f5ikuriga pudelikaelast fooliumi h\u00f5lpsaks eemaldamiseks. 3-aastane garantii.<\/p>\n","protected":false},"excerpt":{"rendered":"<p>Sobib igat t\u00fc\u00fcpi veinipudelite h\u00f5lpsaks avamiseks. Suurep\u00e4rane pikkade korkidega luksuslike ja arhiveeritud veinide avamiseks ilma korki rebimata. Professionaalse kaheastmelise s\u00fcsteemiga korgi eemaldamiseks, mittenakkuva kattega spiraaliga ja l\u00f5ikuriga pudelikaelast fooliumi h\u00f5lpsaks eemaldamiseks. 3-aastane garantii.<\/p>\n","protected":false},"featured_media":18578,"comment_status":"closed","ping_status":"open","template":"","meta":{"_acf_changed":false},"product_brand":[840],"product_cat":[405,490],"product_tag":[],"class_list":{"0":"post-18577","1":"product","2":"type-product","3":"status-publish","4":"has-post-thumbnail","6":"product_brand-tescoma","7":"product_cat-koogitarbed","8":"product_cat-koogitarvikud","9":"pa_paritolumaa-hiina","10":"pa_uhik-tk","12":"first","13":"instock","14":"purchasable","15":"product-type-simple"},"acf":[],"_links":{"self":[{"href":"https:\/\/ursus.ee\/en\/wp-json\/wp\/v2\/product\/18577","targetHints":{"allow":["GET"]}}],"collection":[{"href":"https:\/\/ursus.ee\/en\/wp-json\/wp\/v2\/product"}],"about":[{"href":"https:\/\/ursus.ee\/en\/wp-json\/wp\/v2\/types\/product"}],"replies":[{"embeddable":true,"href":"https:\/\/ursus.ee\/en\/wp-json\/wp\/v2\/comments?post=18577"}],"wp:featuredmedia":[{"embeddable":true,"href":"https:\/\/ursus.ee\/en\/wp-json\/wp\/v2\/media\/18578"}],"wp:attachment":[{"href":"https:\/\/ursus.ee\/en\/wp-json\/wp\/v2\/media?parent=18577"}],"wp:term":[{"taxonomy":"product_brand","embeddable":true,"href":"https:\/\/ursus.ee\/en\/wp-json\/wp\/v2\/product_brand?post=18577"},{"taxonomy":"product_cat","embeddable":true,"href":"https:\/\/ursus.ee\/en\/wp-json\/wp\/v2\/product_cat?post=18577"},{"taxonomy":"product_tag","embeddable":true,"href":"https:\/\/ursus.ee\/en\/wp-json\/wp\/v2\/product_tag?post=18577"}],"curies":[{"name":"wp","href":"https:\/\/api.w.org\/{rel}","templated":true}]}}