{"id":18574,"date":"2026-05-11T16:55:53","date_gmt":"2026-05-11T13:55:53","guid":{"rendered":"https:\/\/ursus.ee\/toode\/veiniavaja-uno-vino\/"},"modified":"2026-05-14T15:38:46","modified_gmt":"2026-05-14T12:38:46","slug":"veiniavaja-uno-vino","status":"publish","type":"product","link":"https:\/\/ursus.ee\/en\/toode\/veiniavaja-uno-vino\/","title":{"rendered":"Veiniavaja Uno Vino"},"content":{"rendered":"<p>Veiniavaja, mis sobib igat t\u00fc\u00fcpi veinipudelite, sealhulgas laia \u00e4\u00e4rega California veinipudelite ja pikkade korkidega luksuslike ja arhiiviveinipudelite h\u00f5lpsaks avamiseks. Metallist korgiavajaga. 3-aastane garantii.<\/p>\n","protected":false},"excerpt":{"rendered":"<p>Veiniavaja, mis sobib igat t\u00fc\u00fcpi veinipudelite, sealhulgas laia \u00e4\u00e4rega California veinipudelite ja pikkade korkidega luksuslike ja arhiiviveinipudelite h\u00f5lpsaks avamiseks. Metallist korgiavajaga. 3-aastane garantii.<\/p>\n","protected":false},"featured_media":18575,"comment_status":"closed","ping_status":"open","template":"","meta":{"_acf_changed":false},"product_brand":[840],"product_cat":[405,490],"product_tag":[],"class_list":{"0":"post-18574","1":"product","2":"type-product","3":"status-publish","4":"has-post-thumbnail","6":"product_brand-tescoma","7":"product_cat-koogitarbed","8":"product_cat-koogitarvikud","9":"pa_koostis-metall","10":"pa_paritolumaa-hiina","11":"pa_uhik-tk","13":"first","14":"instock","15":"purchasable","16":"product-type-simple"},"acf":[],"_links":{"self":[{"href":"https:\/\/ursus.ee\/en\/wp-json\/wp\/v2\/product\/18574","targetHints":{"allow":["GET"]}}],"collection":[{"href":"https:\/\/ursus.ee\/en\/wp-json\/wp\/v2\/product"}],"about":[{"href":"https:\/\/ursus.ee\/en\/wp-json\/wp\/v2\/types\/product"}],"replies":[{"embeddable":true,"href":"https:\/\/ursus.ee\/en\/wp-json\/wp\/v2\/comments?post=18574"}],"wp:featuredmedia":[{"embeddable":true,"href":"https:\/\/ursus.ee\/en\/wp-json\/wp\/v2\/media\/18575"}],"wp:attachment":[{"href":"https:\/\/ursus.ee\/en\/wp-json\/wp\/v2\/media?parent=18574"}],"wp:term":[{"taxonomy":"product_brand","embeddable":true,"href":"https:\/\/ursus.ee\/en\/wp-json\/wp\/v2\/product_brand?post=18574"},{"taxonomy":"product_cat","embeddable":true,"href":"https:\/\/ursus.ee\/en\/wp-json\/wp\/v2\/product_cat?post=18574"},{"taxonomy":"product_tag","embeddable":true,"href":"https:\/\/ursus.ee\/en\/wp-json\/wp\/v2\/product_tag?post=18574"}],"curies":[{"name":"wp","href":"https:\/\/api.w.org\/{rel}","templated":true}]}}