{"id":18408,"date":"2026-05-11T16:44:12","date_gmt":"2026-05-11T13:44:12","guid":{"rendered":"https:\/\/ursus.ee\/toode\/kinkekott-medium-20x25x10cm-mix-monocolor-pastel\/"},"modified":"2026-05-14T12:18:53","modified_gmt":"2026-05-14T09:18:53","slug":"kinkekott-medium-20x25x10cm-mix-monocolor-pastel","status":"publish","type":"product","link":"https:\/\/ursus.ee\/en\/toode\/kinkekott-medium-20x25x10cm-mix-monocolor-pastel\/","title":{"rendered":"Kinkekott medium 20x25x10cm Mix Monocolor Pastel"},"content":{"rendered":"<p>Igale t\u00e4htp\u00e4evale sobilik kinkekott. Premium kvaliteet. Hulgipakendis mix v\u00e4rvivalik.<\/p>\n","protected":false},"excerpt":{"rendered":"<p>Igale t\u00e4htp\u00e4evale sobilik kinkekott. Premium kvaliteet. Hulgipakendis mix v\u00e4rvivalik.<\/p>\n","protected":false},"featured_media":18409,"comment_status":"closed","ping_status":"open","template":"","meta":{"_acf_changed":false},"product_brand":[833],"product_cat":[835,834],"product_tag":[],"class_list":{"0":"post-18408","1":"product","2":"type-product","3":"status-publish","4":"has-post-thumbnail","6":"product_brand-paw","7":"product_cat-kinkekotid","8":"product_cat-vabaajakaubad","9":"pa_paritolumaa-poola","10":"pa_uhik-tk","12":"first","13":"instock","14":"purchasable","15":"product-type-simple"},"acf":[],"_links":{"self":[{"href":"https:\/\/ursus.ee\/en\/wp-json\/wp\/v2\/product\/18408","targetHints":{"allow":["GET"]}}],"collection":[{"href":"https:\/\/ursus.ee\/en\/wp-json\/wp\/v2\/product"}],"about":[{"href":"https:\/\/ursus.ee\/en\/wp-json\/wp\/v2\/types\/product"}],"replies":[{"embeddable":true,"href":"https:\/\/ursus.ee\/en\/wp-json\/wp\/v2\/comments?post=18408"}],"wp:featuredmedia":[{"embeddable":true,"href":"https:\/\/ursus.ee\/en\/wp-json\/wp\/v2\/media\/18409"}],"wp:attachment":[{"href":"https:\/\/ursus.ee\/en\/wp-json\/wp\/v2\/media?parent=18408"}],"wp:term":[{"taxonomy":"product_brand","embeddable":true,"href":"https:\/\/ursus.ee\/en\/wp-json\/wp\/v2\/product_brand?post=18408"},{"taxonomy":"product_cat","embeddable":true,"href":"https:\/\/ursus.ee\/en\/wp-json\/wp\/v2\/product_cat?post=18408"},{"taxonomy":"product_tag","embeddable":true,"href":"https:\/\/ursus.ee\/en\/wp-json\/wp\/v2\/product_tag?post=18408"}],"curies":[{"name":"wp","href":"https:\/\/api.w.org\/{rel}","templated":true}]}}