{"id":18093,"date":"2026-04-16T17:50:32","date_gmt":"2026-04-16T14:50:32","guid":{"rendered":"https:\/\/ursus.ee\/toode\/liquid-control-jumestuskreemnr-015-vanilla-beige-32ml-2\/"},"modified":"2026-04-27T12:21:11","modified_gmt":"2026-04-27T09:21:11","slug":"liquid-control-jumestuskreemnr-015-vanilla-beige-32ml-2","status":"publish","type":"product","link":"https:\/\/ursus.ee\/en\/toode\/liquid-control-jumestuskreemnr-015-vanilla-beige-32ml-2\/","title":{"rendered":"Liquid Control jumestuskreemnr.015 Vanilla Beige 32ml"},"content":{"rendered":"<p>Kerge koostisega jumestuskreem, mis ei ummista poore ega koorma nahka. Nahk j\u00e4\u00e4b katsudes siidine, saades samas ka hingata. \u00dchtlasel pealekandmisel peidab see v\u00e4simuse ja unetuse m\u00e4rgid &#8211; nahk paistab s\u00e4rav ja v\u00e4rske. Jumestuskreemi iseloomustab kergus, sulandub ideaalselt naha jumega, tuues esile selle ilu ja minimeerib ebatasasusi. Jumestuskreem p\u00fcsib nahal kuni 24 tundi ja tagab keskmise katvuse.<\/p>\n","protected":false},"excerpt":{"rendered":"<p>Kerge koostisega jumestuskreem, mis ei ummista poore ega koorma nahka. Nahk j\u00e4\u00e4b katsudes siidine, saades samas ka hingata. \u00dchtlasel pealekandmisel peidab see v\u00e4simuse ja unetuse m\u00e4rgid &#8211; nahk paistab s\u00e4rav ja v\u00e4rske. Jumestuskreemi iseloomustab kergus, sulandub ideaalselt naha jumega, tuues esile selle ilu ja minimeerib ebatasasusi. Jumestuskreem p\u00fcsib nahal kuni 24 tundi ja tagab keskmise<\/p>\n","protected":false},"featured_media":15861,"comment_status":"closed","ping_status":"closed","template":"","meta":{"_acf_changed":false},"product_brand":[187],"product_cat":[730],"product_tag":[],"class_list":{"0":"post-18093","1":"product","2":"type-product","3":"status-publish","4":"has-post-thumbnail","6":"product_brand-eveline-cosmetics","7":"product_cat-outlet","8":"pa_kogus-32-ml","9":"pa_koostis-aqua-dimethicone-trisilloxane-peg-10-dimethicone-talc-isododecane-trimehylsiloxysilicate-nylon-12-glycerin-propylene-glycol-sodium-chloride-phenoxyethanlol-peg-ppg-18-18-dimethicone-magn","10":"pa_paritolumaa-poola","11":"pa_uhik-tk","13":"first","14":"instock","15":"sale","16":"taxable","17":"shipping-taxable","18":"purchasable","19":"product-type-simple"},"acf":[],"_links":{"self":[{"href":"https:\/\/ursus.ee\/en\/wp-json\/wp\/v2\/product\/18093","targetHints":{"allow":["GET"]}}],"collection":[{"href":"https:\/\/ursus.ee\/en\/wp-json\/wp\/v2\/product"}],"about":[{"href":"https:\/\/ursus.ee\/en\/wp-json\/wp\/v2\/types\/product"}],"replies":[{"embeddable":true,"href":"https:\/\/ursus.ee\/en\/wp-json\/wp\/v2\/comments?post=18093"}],"wp:featuredmedia":[{"embeddable":true,"href":"https:\/\/ursus.ee\/en\/wp-json\/wp\/v2\/media\/15861"}],"wp:attachment":[{"href":"https:\/\/ursus.ee\/en\/wp-json\/wp\/v2\/media?parent=18093"}],"wp:term":[{"taxonomy":"product_brand","embeddable":true,"href":"https:\/\/ursus.ee\/en\/wp-json\/wp\/v2\/product_brand?post=18093"},{"taxonomy":"product_cat","embeddable":true,"href":"https:\/\/ursus.ee\/en\/wp-json\/wp\/v2\/product_cat?post=18093"},{"taxonomy":"product_tag","embeddable":true,"href":"https:\/\/ursus.ee\/en\/wp-json\/wp\/v2\/product_tag?post=18093"}],"curies":[{"name":"wp","href":"https:\/\/api.w.org\/{rel}","templated":true}]}}