{"id":18090,"date":"2026-04-16T17:50:32","date_gmt":"2026-04-16T14:50:32","guid":{"rendered":"https:\/\/ursus.ee\/toode\/i-love-vegan-food-katekreem-avokaadohibiskus-50ml-2\/"},"modified":"2026-04-27T12:20:47","modified_gmt":"2026-04-27T09:20:47","slug":"i-love-vegan-food-katekreem-avokaadohibiskus-50ml-2","status":"publish","type":"product","link":"https:\/\/ursus.ee\/en\/toode\/i-love-vegan-food-katekreem-avokaadohibiskus-50ml-2\/","title":{"rendered":"I Love Vegan Food k\u00e4tekreem avokaado&#038;hibiskus 50ml"},"content":{"rendered":"<p>Taastav k\u00e4tekreem avokaado ja hibiskusega rahustab \u00e4rritunud ja kahjustatud nahka, niisutab intensiivselt ja taastab naha pindmist kihti. Aktiivsed koostisosad: hibiskuse ekstrakt, kurkum, avokaado \u00f5li, pantenool, sheav\u00f5i.<\/p>\n","protected":false},"excerpt":{"rendered":"<p>Taastav k\u00e4tekreem avokaado ja hibiskusega rahustab \u00e4rritunud ja kahjustatud nahka, niisutab intensiivselt ja taastab naha pindmist kihti. Aktiivsed koostisosad: hibiskuse ekstrakt, kurkum, avokaado \u00f5li, pantenool, sheav\u00f5i.<\/p>\n","protected":false},"featured_media":11423,"comment_status":"closed","ping_status":"closed","template":"","meta":{"_acf_changed":false},"product_brand":[187],"product_cat":[730],"product_tag":[],"class_list":{"0":"post-18090","1":"product","2":"type-product","3":"status-publish","4":"has-post-thumbnail","6":"product_brand-eveline-cosmetics","7":"product_cat-outlet","8":"pa_kogus-50ml","9":"pa_koostis-aqua","10":"pa_paritolumaa-poola","11":"pa_uhik-tk","13":"first","14":"instock","15":"sale","16":"taxable","17":"shipping-taxable","18":"purchasable","19":"product-type-simple"},"acf":[],"_links":{"self":[{"href":"https:\/\/ursus.ee\/en\/wp-json\/wp\/v2\/product\/18090","targetHints":{"allow":["GET"]}}],"collection":[{"href":"https:\/\/ursus.ee\/en\/wp-json\/wp\/v2\/product"}],"about":[{"href":"https:\/\/ursus.ee\/en\/wp-json\/wp\/v2\/types\/product"}],"replies":[{"embeddable":true,"href":"https:\/\/ursus.ee\/en\/wp-json\/wp\/v2\/comments?post=18090"}],"wp:featuredmedia":[{"embeddable":true,"href":"https:\/\/ursus.ee\/en\/wp-json\/wp\/v2\/media\/11423"}],"wp:attachment":[{"href":"https:\/\/ursus.ee\/en\/wp-json\/wp\/v2\/media?parent=18090"}],"wp:term":[{"taxonomy":"product_brand","embeddable":true,"href":"https:\/\/ursus.ee\/en\/wp-json\/wp\/v2\/product_brand?post=18090"},{"taxonomy":"product_cat","embeddable":true,"href":"https:\/\/ursus.ee\/en\/wp-json\/wp\/v2\/product_cat?post=18090"},{"taxonomy":"product_tag","embeddable":true,"href":"https:\/\/ursus.ee\/en\/wp-json\/wp\/v2\/product_tag?post=18090"}],"curies":[{"name":"wp","href":"https:\/\/api.w.org\/{rel}","templated":true}]}}