{"id":18088,"date":"2026-04-27T12:19:15","date_gmt":"2026-04-27T09:19:15","guid":{"rendered":"https:\/\/ursus.ee\/toode\/porandapesulapid-35x60cm-jumbopack-5tk-2\/"},"modified":"2026-04-27T12:19:15","modified_gmt":"2026-04-27T09:19:15","slug":"porandapesulapid-35x60cm-jumbopack-5tk-2","status":"publish","type":"product","link":"https:\/\/ursus.ee\/en\/toode\/porandapesulapid-35x60cm-jumbopack-5tk-2\/","title":{"rendered":"P\u00f5randapesulapid 35x60cm JumboPack 5tk"},"content":{"rendered":"<p>P\u00f5randalapid m\u00f5\u00f5duga 35x60cm, sobivad k\u00f5ikide p\u00f5randapindade m\u00e4rg- ja kuivpuhastuseks. Masinpestavad.<\/p>\n","protected":false},"excerpt":{"rendered":"<p>P\u00f5randalapid m\u00f5\u00f5duga 35x60cm, sobivad k\u00f5ikide p\u00f5randapindade m\u00e4rg- ja kuivpuhastuseks. Masinpestavad.<\/p>\n","protected":false},"featured_media":15849,"comment_status":"closed","ping_status":"open","template":"","meta":{"_acf_changed":false},"product_brand":[717],"product_cat":[730],"product_tag":[],"class_list":{"0":"post-18088","1":"product","2":"type-product","3":"status-publish","4":"has-post-thumbnail","6":"product_brand-jumbopack","7":"product_cat-outlet","8":"pa_kogus-5-tk","9":"pa_paritolumaa-eesti","10":"pa_uhik-tk","12":"first","13":"instock","14":"sale","15":"taxable","16":"shipping-taxable","17":"purchasable","18":"product-type-simple"},"acf":[],"_links":{"self":[{"href":"https:\/\/ursus.ee\/en\/wp-json\/wp\/v2\/product\/18088","targetHints":{"allow":["GET"]}}],"collection":[{"href":"https:\/\/ursus.ee\/en\/wp-json\/wp\/v2\/product"}],"about":[{"href":"https:\/\/ursus.ee\/en\/wp-json\/wp\/v2\/types\/product"}],"replies":[{"embeddable":true,"href":"https:\/\/ursus.ee\/en\/wp-json\/wp\/v2\/comments?post=18088"}],"wp:featuredmedia":[{"embeddable":true,"href":"https:\/\/ursus.ee\/en\/wp-json\/wp\/v2\/media\/15849"}],"wp:attachment":[{"href":"https:\/\/ursus.ee\/en\/wp-json\/wp\/v2\/media?parent=18088"}],"wp:term":[{"taxonomy":"product_brand","embeddable":true,"href":"https:\/\/ursus.ee\/en\/wp-json\/wp\/v2\/product_brand?post=18088"},{"taxonomy":"product_cat","embeddable":true,"href":"https:\/\/ursus.ee\/en\/wp-json\/wp\/v2\/product_cat?post=18088"},{"taxonomy":"product_tag","embeddable":true,"href":"https:\/\/ursus.ee\/en\/wp-json\/wp\/v2\/product_tag?post=18088"}],"curies":[{"name":"wp","href":"https:\/\/api.w.org\/{rel}","templated":true}]}}