{"id":18087,"date":"2026-04-27T12:19:15","date_gmt":"2026-04-27T09:19:15","guid":{"rendered":"https:\/\/ursus.ee\/toode\/noudepesusvammid-jumbopack-20tk-2\/"},"modified":"2026-04-27T12:19:15","modified_gmt":"2026-04-27T09:19:15","slug":"noudepesusvammid-jumbopack-20tk-2","status":"publish","type":"product","link":"https:\/\/ursus.ee\/en\/toode\/noudepesusvammid-jumbopack-20tk-2\/","title":{"rendered":"N\u00f5udepesusvammid JumboPack 20tk"},"content":{"rendered":"<p>K\u00e4ep\u00e4rased n\u00f5udepesu\u0161vammid igap\u00e4evaseks kasutamiseks. Suurpakendis \u0161vammid annavad tarbijale v\u00f5imaluse k\u00fclastada harvem kauplusi, s\u00e4\u00e4sta raha ja v\u00e4hendada \u00fchekordsete kilepakendite kasutamist.<\/p>\n","protected":false},"excerpt":{"rendered":"<p>K\u00e4ep\u00e4rased n\u00f5udepesu\u0161vammid igap\u00e4evaseks kasutamiseks. Suurpakendis \u0161vammid annavad tarbijale v\u00f5imaluse k\u00fclastada harvem kauplusi, s\u00e4\u00e4sta raha ja v\u00e4hendada \u00fchekordsete kilepakendite kasutamist.<\/p>\n","protected":false},"featured_media":15847,"comment_status":"closed","ping_status":"open","template":"","meta":{"_acf_changed":false},"product_brand":[717],"product_cat":[730],"product_tag":[],"class_list":{"0":"post-18087","1":"product","2":"type-product","3":"status-publish","4":"has-post-thumbnail","6":"product_brand-jumbopack","7":"product_cat-outlet","8":"pa_kogus-20-tk","9":"pa_paritolumaa-eesti","10":"pa_uhik-tk","12":"first","13":"instock","14":"sale","15":"taxable","16":"shipping-taxable","17":"purchasable","18":"product-type-simple"},"acf":[],"_links":{"self":[{"href":"https:\/\/ursus.ee\/en\/wp-json\/wp\/v2\/product\/18087","targetHints":{"allow":["GET"]}}],"collection":[{"href":"https:\/\/ursus.ee\/en\/wp-json\/wp\/v2\/product"}],"about":[{"href":"https:\/\/ursus.ee\/en\/wp-json\/wp\/v2\/types\/product"}],"replies":[{"embeddable":true,"href":"https:\/\/ursus.ee\/en\/wp-json\/wp\/v2\/comments?post=18087"}],"wp:featuredmedia":[{"embeddable":true,"href":"https:\/\/ursus.ee\/en\/wp-json\/wp\/v2\/media\/15847"}],"wp:attachment":[{"href":"https:\/\/ursus.ee\/en\/wp-json\/wp\/v2\/media?parent=18087"}],"wp:term":[{"taxonomy":"product_brand","embeddable":true,"href":"https:\/\/ursus.ee\/en\/wp-json\/wp\/v2\/product_brand?post=18087"},{"taxonomy":"product_cat","embeddable":true,"href":"https:\/\/ursus.ee\/en\/wp-json\/wp\/v2\/product_cat?post=18087"},{"taxonomy":"product_tag","embeddable":true,"href":"https:\/\/ursus.ee\/en\/wp-json\/wp\/v2\/product_tag?post=18087"}],"curies":[{"name":"wp","href":"https:\/\/api.w.org\/{rel}","templated":true}]}}