{"id":18086,"date":"2026-04-27T12:19:15","date_gmt":"2026-04-27T09:19:15","guid":{"rendered":"https:\/\/ursus.ee\/toode\/noudepesusvammid-jumbo-jumbopack-10tk-2\/"},"modified":"2026-04-27T12:19:15","modified_gmt":"2026-04-27T09:19:15","slug":"noudepesusvammid-jumbo-jumbopack-10tk-2","status":"publish","type":"product","link":"https:\/\/ursus.ee\/en\/toode\/noudepesusvammid-jumbo-jumbopack-10tk-2\/","title":{"rendered":"N\u00f5udepesusvammid Jumbo JumboPack 10tk"},"content":{"rendered":"<p>Suured n\u00f5udepesu\u0161vammid pottide, pannide, n\u00f5ude ja k\u00f6\u00f6gipindade puhastamiseks. Ei sobi \u00f5rnadele pindadele.<\/p>\n<p>OHUTUS:<br \/>\nEi sobi \u00f5rnadele pindadele.<\/p>\n","protected":false},"excerpt":{"rendered":"<p>Suured n\u00f5udepesu\u0161vammid pottide, pannide, n\u00f5ude ja k\u00f6\u00f6gipindade puhastamiseks. Ei sobi \u00f5rnadele pindadele. OHUTUS: Ei sobi \u00f5rnadele pindadele.<\/p>\n","protected":false},"featured_media":15845,"comment_status":"closed","ping_status":"open","template":"","meta":{"_acf_changed":false},"product_brand":[717],"product_cat":[730],"product_tag":[],"class_list":{"0":"post-18086","1":"product","2":"type-product","3":"status-publish","4":"has-post-thumbnail","6":"product_brand-jumbopack","7":"product_cat-outlet","8":"pa_kogus-10-tk","9":"pa_paritolumaa-eesti","10":"pa_uhik-tk","12":"first","13":"instock","14":"sale","15":"taxable","16":"shipping-taxable","17":"purchasable","18":"product-type-simple"},"acf":[],"_links":{"self":[{"href":"https:\/\/ursus.ee\/en\/wp-json\/wp\/v2\/product\/18086","targetHints":{"allow":["GET"]}}],"collection":[{"href":"https:\/\/ursus.ee\/en\/wp-json\/wp\/v2\/product"}],"about":[{"href":"https:\/\/ursus.ee\/en\/wp-json\/wp\/v2\/types\/product"}],"replies":[{"embeddable":true,"href":"https:\/\/ursus.ee\/en\/wp-json\/wp\/v2\/comments?post=18086"}],"wp:featuredmedia":[{"embeddable":true,"href":"https:\/\/ursus.ee\/en\/wp-json\/wp\/v2\/media\/15845"}],"wp:attachment":[{"href":"https:\/\/ursus.ee\/en\/wp-json\/wp\/v2\/media?parent=18086"}],"wp:term":[{"taxonomy":"product_brand","embeddable":true,"href":"https:\/\/ursus.ee\/en\/wp-json\/wp\/v2\/product_brand?post=18086"},{"taxonomy":"product_cat","embeddable":true,"href":"https:\/\/ursus.ee\/en\/wp-json\/wp\/v2\/product_cat?post=18086"},{"taxonomy":"product_tag","embeddable":true,"href":"https:\/\/ursus.ee\/en\/wp-json\/wp\/v2\/product_tag?post=18086"}],"curies":[{"name":"wp","href":"https:\/\/api.w.org\/{rel}","templated":true}]}}