{"id":18085,"date":"2026-04-27T12:19:15","date_gmt":"2026-04-27T09:19:15","guid":{"rendered":"https:\/\/ursus.ee\/toode\/noudepesusvammid-easy-grip-jumbopack-7tk-2\/"},"modified":"2026-04-27T12:19:15","modified_gmt":"2026-04-27T09:19:15","slug":"noudepesusvammid-easy-grip-jumbopack-7tk-2","status":"publish","type":"product","link":"https:\/\/ursus.ee\/en\/toode\/noudepesusvammid-easy-grip-jumbopack-7tk-2\/","title":{"rendered":"N\u00f5udepesusvammid Easy-Grip JumboPack 7tk"},"content":{"rendered":"<p>\u00dches pakis on svammid nii \u00f5rnade\u00a0 kui ka tugevamat k\u00fc\u00fcrimist vajavate pindade jaoks. Valge fiiber on m\u00f5eldud tefloni ja teiste \u00f5rnade pindade puhastamiseks, must fiiber puhastab ka t\u00f5rksa mustuse kerge vaevaga. Svammi ergonoomiline kuju tagab mugava kasutuse ja kaitse k\u00fc\u00fcntele.<\/p>\n","protected":false},"excerpt":{"rendered":"<p>\u00dches pakis on svammid nii \u00f5rnade\u00a0 kui ka tugevamat k\u00fc\u00fcrimist vajavate pindade jaoks. Valge fiiber on m\u00f5eldud tefloni ja teiste \u00f5rnade pindade puhastamiseks, must fiiber puhastab ka t\u00f5rksa mustuse kerge vaevaga. Svammi ergonoomiline kuju tagab mugava kasutuse ja kaitse k\u00fc\u00fcntele.<\/p>\n","protected":false},"featured_media":15843,"comment_status":"closed","ping_status":"open","template":"","meta":{"_acf_changed":false},"product_brand":[717],"product_cat":[730],"product_tag":[],"class_list":{"0":"post-18085","1":"product","2":"type-product","3":"status-publish","4":"has-post-thumbnail","6":"product_brand-jumbopack","7":"product_cat-outlet","8":"pa_kogus-7-tk","9":"pa_paritolumaa-eesti","10":"pa_uhik-tk","12":"first","13":"instock","14":"sale","15":"taxable","16":"shipping-taxable","17":"purchasable","18":"product-type-simple"},"acf":[],"_links":{"self":[{"href":"https:\/\/ursus.ee\/en\/wp-json\/wp\/v2\/product\/18085","targetHints":{"allow":["GET"]}}],"collection":[{"href":"https:\/\/ursus.ee\/en\/wp-json\/wp\/v2\/product"}],"about":[{"href":"https:\/\/ursus.ee\/en\/wp-json\/wp\/v2\/types\/product"}],"replies":[{"embeddable":true,"href":"https:\/\/ursus.ee\/en\/wp-json\/wp\/v2\/comments?post=18085"}],"wp:featuredmedia":[{"embeddable":true,"href":"https:\/\/ursus.ee\/en\/wp-json\/wp\/v2\/media\/15843"}],"wp:attachment":[{"href":"https:\/\/ursus.ee\/en\/wp-json\/wp\/v2\/media?parent=18085"}],"wp:term":[{"taxonomy":"product_brand","embeddable":true,"href":"https:\/\/ursus.ee\/en\/wp-json\/wp\/v2\/product_brand?post=18085"},{"taxonomy":"product_cat","embeddable":true,"href":"https:\/\/ursus.ee\/en\/wp-json\/wp\/v2\/product_cat?post=18085"},{"taxonomy":"product_tag","embeddable":true,"href":"https:\/\/ursus.ee\/en\/wp-json\/wp\/v2\/product_tag?post=18085"}],"curies":[{"name":"wp","href":"https:\/\/api.w.org\/{rel}","templated":true}]}}