{"id":18081,"date":"2026-04-27T12:10:16","date_gmt":"2026-04-27T09:10:16","guid":{"rendered":"https:\/\/ursus.ee\/toode\/salvratikud-taaskasutatud-materjalist-33x33cm-30tk-2\/"},"modified":"2026-04-27T12:10:16","modified_gmt":"2026-04-27T09:10:16","slug":"salvratikud-taaskasutatud-materjalist-33x33cm-30tk-2","status":"publish","type":"product","link":"https:\/\/ursus.ee\/en\/toode\/salvratikud-taaskasutatud-materjalist-33x33cm-30tk-2\/","title":{"rendered":"Salvr\u00e4tikud taaskasutatud materjalist 33x33cm 30tk"},"content":{"rendered":"<p>Go Green salvr\u00e4tikud on valmistatud 100% taaskasutatud materjalist. Salvr\u00e4tikute pakend on valmistatud ringlusse v\u00f5etavast paberist ja on plastikuvaba. Valides taaskasutatud materjalist salvr\u00e4tikud, aitate aktiivselt kaasa j\u00e4\u00e4tmete tekke v\u00e4hendamisele ja toetate ringmajandust. Tootmisel on kasutatud vaid taastuvat energiat.<\/p>\n","protected":false},"excerpt":{"rendered":"<p>Go Green salvr\u00e4tikud on valmistatud 100% taaskasutatud materjalist. Salvr\u00e4tikute pakend on valmistatud ringlusse v\u00f5etavast paberist ja on plastikuvaba. Valides taaskasutatud materjalist salvr\u00e4tikud, aitate aktiivselt kaasa j\u00e4\u00e4tmete tekke v\u00e4hendamisele ja toetate ringmajandust. Tootmisel on kasutatud vaid taastuvat energiat.<\/p>\n","protected":false},"featured_media":15836,"comment_status":"closed","ping_status":"open","template":"","meta":{"_acf_changed":false},"product_brand":[637],"product_cat":[730],"product_tag":[],"class_list":{"0":"post-18081","1":"product","2":"type-product","3":"status-publish","4":"has-post-thumbnail","6":"product_brand-go-green","7":"product_cat-outlet","8":"pa_kogus-30-tk","9":"pa_koostis-100-taaskautatud-materjal-pakend-paber-plastikuvaba","10":"pa_paritolumaa-austria","11":"pa_uhik-tk","13":"first","14":"instock","15":"sale","16":"taxable","17":"shipping-taxable","18":"purchasable","19":"product-type-simple"},"acf":[],"_links":{"self":[{"href":"https:\/\/ursus.ee\/en\/wp-json\/wp\/v2\/product\/18081","targetHints":{"allow":["GET"]}}],"collection":[{"href":"https:\/\/ursus.ee\/en\/wp-json\/wp\/v2\/product"}],"about":[{"href":"https:\/\/ursus.ee\/en\/wp-json\/wp\/v2\/types\/product"}],"replies":[{"embeddable":true,"href":"https:\/\/ursus.ee\/en\/wp-json\/wp\/v2\/comments?post=18081"}],"wp:featuredmedia":[{"embeddable":true,"href":"https:\/\/ursus.ee\/en\/wp-json\/wp\/v2\/media\/15836"}],"wp:attachment":[{"href":"https:\/\/ursus.ee\/en\/wp-json\/wp\/v2\/media?parent=18081"}],"wp:term":[{"taxonomy":"product_brand","embeddable":true,"href":"https:\/\/ursus.ee\/en\/wp-json\/wp\/v2\/product_brand?post=18081"},{"taxonomy":"product_cat","embeddable":true,"href":"https:\/\/ursus.ee\/en\/wp-json\/wp\/v2\/product_cat?post=18081"},{"taxonomy":"product_tag","embeddable":true,"href":"https:\/\/ursus.ee\/en\/wp-json\/wp\/v2\/product_tag?post=18081"}],"curies":[{"name":"wp","href":"https:\/\/api.w.org\/{rel}","templated":true}]}}