{"id":18077,"date":"2026-04-27T12:10:15","date_gmt":"2026-04-27T09:10:15","guid":{"rendered":"https:\/\/ursus.ee\/toode\/metallist-kahvli-ja-salvratiku-komplekt-2\/"},"modified":"2026-04-27T12:10:15","modified_gmt":"2026-04-27T09:10:15","slug":"metallist-kahvli-ja-salvratiku-komplekt-2","status":"publish","type":"product","link":"https:\/\/ursus.ee\/en\/toode\/metallist-kahvli-ja-salvratiku-komplekt-2\/","title":{"rendered":"Metallist kahvli ja salvr\u00e4tiku komplekt"},"content":{"rendered":"<p>Go Green korduvkasutatav kahvli ja salvr\u00e4tiku komplekt. Kahvel on valmistatud kvaliteetsest roostevabast terasest.\u00a0 See on vastupidav, ei paindu ega murdu. Ideaalne kasutamiseks kontoris, autos, matkal v\u00f5i piknikul. T\u00e4nu oma kergele kaalule on s\u00f6\u00f6giriista mugav hoiustada.<\/p>\n","protected":false},"excerpt":{"rendered":"<p>Go Green korduvkasutatav kahvli ja salvr\u00e4tiku komplekt. Kahvel on valmistatud kvaliteetsest roostevabast terasest.\u00a0 See on vastupidav, ei paindu ega murdu. Ideaalne kasutamiseks kontoris, autos, matkal v\u00f5i piknikul. T\u00e4nu oma kergele kaalule on s\u00f6\u00f6giriista mugav hoiustada.<\/p>\n","protected":false},"featured_media":18243,"comment_status":"closed","ping_status":"closed","template":"","meta":{"_acf_changed":false},"product_brand":[637],"product_cat":[730],"product_tag":[],"class_list":{"0":"post-18077","1":"product","2":"type-product","3":"status-publish","4":"has-post-thumbnail","6":"product_brand-go-green","7":"product_cat-outlet","8":"pa_kogus-1-kompl","9":"pa_koostis-roostevaba-teras","10":"pa_paritolumaa-eesti","11":"pa_uhik-kompl","13":"first","14":"instock","15":"sale","16":"taxable","17":"shipping-taxable","18":"purchasable","19":"product-type-simple"},"acf":[],"_links":{"self":[{"href":"https:\/\/ursus.ee\/en\/wp-json\/wp\/v2\/product\/18077","targetHints":{"allow":["GET"]}}],"collection":[{"href":"https:\/\/ursus.ee\/en\/wp-json\/wp\/v2\/product"}],"about":[{"href":"https:\/\/ursus.ee\/en\/wp-json\/wp\/v2\/types\/product"}],"replies":[{"embeddable":true,"href":"https:\/\/ursus.ee\/en\/wp-json\/wp\/v2\/comments?post=18077"}],"wp:featuredmedia":[{"embeddable":true,"href":"https:\/\/ursus.ee\/en\/wp-json\/wp\/v2\/media\/18243"}],"wp:attachment":[{"href":"https:\/\/ursus.ee\/en\/wp-json\/wp\/v2\/media?parent=18077"}],"wp:term":[{"taxonomy":"product_brand","embeddable":true,"href":"https:\/\/ursus.ee\/en\/wp-json\/wp\/v2\/product_brand?post=18077"},{"taxonomy":"product_cat","embeddable":true,"href":"https:\/\/ursus.ee\/en\/wp-json\/wp\/v2\/product_cat?post=18077"},{"taxonomy":"product_tag","embeddable":true,"href":"https:\/\/ursus.ee\/en\/wp-json\/wp\/v2\/product_tag?post=18077"}],"curies":[{"name":"wp","href":"https:\/\/api.w.org\/{rel}","templated":true}]}}