{"id":18075,"date":"2026-04-27T12:10:14","date_gmt":"2026-04-27T09:10:14","guid":{"rendered":"https:\/\/ursus.ee\/toode\/toidukarp-700ml-5tk-2\/"},"modified":"2026-04-27T12:10:14","modified_gmt":"2026-04-27T09:10:14","slug":"toidukarp-700ml-5tk-2","status":"publish","type":"product","link":"https:\/\/ursus.ee\/en\/toode\/toidukarp-700ml-5tk-2\/","title":{"rendered":"Toidukarp 700ml 5tk"},"content":{"rendered":"<p>Go Green tootesari on valmistatud kiiresti taastuvatest looduslikest ressurssidest ja laguneb t\u00f6\u00f6stuslikus kompostris t\u00e4ielikult. Go Green toidukarbid sobivad k\u00f5ikide toiduainete hoiustamiseks. Testitud Tallinna Kesklaboris, sobivad kasutamiseks ka s\u00fcgavk\u00fclmas. Sertifitseeritud &#8220;Ok Compost Industrial&#8221; sertifikaadiga. Pakendis 5 toidukarpi ja nendele sobivad kaaned.<\/p>\n","protected":false},"excerpt":{"rendered":"<p>Go Green tootesari on valmistatud kiiresti taastuvatest looduslikest ressurssidest ja laguneb t\u00f6\u00f6stuslikus kompostris t\u00e4ielikult. Go Green toidukarbid sobivad k\u00f5ikide toiduainete hoiustamiseks. Testitud Tallinna Kesklaboris, sobivad kasutamiseks ka s\u00fcgavk\u00fclmas. Sertifitseeritud &#8220;Ok Compost Industrial&#8221; sertifikaadiga. Pakendis 5 toidukarpi ja nendele sobivad kaaned.<\/p>\n","protected":false},"featured_media":15825,"comment_status":"closed","ping_status":"open","template":"","meta":{"_acf_changed":false},"product_brand":[637],"product_cat":[730],"product_tag":[],"class_list":{"0":"post-18075","1":"product","2":"type-product","3":"status-publish","4":"has-post-thumbnail","6":"product_brand-go-green","7":"product_cat-outlet","8":"pa_kogus-5-tk","9":"pa_koostis-pla-cpla","10":"pa_paritolumaa-eesti","11":"pa_uhik-tk","13":"first","14":"instock","15":"sale","16":"taxable","17":"shipping-taxable","18":"purchasable","19":"product-type-simple"},"acf":[],"_links":{"self":[{"href":"https:\/\/ursus.ee\/en\/wp-json\/wp\/v2\/product\/18075","targetHints":{"allow":["GET"]}}],"collection":[{"href":"https:\/\/ursus.ee\/en\/wp-json\/wp\/v2\/product"}],"about":[{"href":"https:\/\/ursus.ee\/en\/wp-json\/wp\/v2\/types\/product"}],"replies":[{"embeddable":true,"href":"https:\/\/ursus.ee\/en\/wp-json\/wp\/v2\/comments?post=18075"}],"wp:featuredmedia":[{"embeddable":true,"href":"https:\/\/ursus.ee\/en\/wp-json\/wp\/v2\/media\/15825"}],"wp:attachment":[{"href":"https:\/\/ursus.ee\/en\/wp-json\/wp\/v2\/media?parent=18075"}],"wp:term":[{"taxonomy":"product_brand","embeddable":true,"href":"https:\/\/ursus.ee\/en\/wp-json\/wp\/v2\/product_brand?post=18075"},{"taxonomy":"product_cat","embeddable":true,"href":"https:\/\/ursus.ee\/en\/wp-json\/wp\/v2\/product_cat?post=18075"},{"taxonomy":"product_tag","embeddable":true,"href":"https:\/\/ursus.ee\/en\/wp-json\/wp\/v2\/product_tag?post=18075"}],"curies":[{"name":"wp","href":"https:\/\/api.w.org\/{rel}","templated":true}]}}