{"id":18070,"date":"2026-04-27T12:10:16","date_gmt":"2026-04-27T09:10:16","guid":{"rendered":"https:\/\/ursus.ee\/toode\/puidust-noad-100tk-2\/"},"modified":"2026-04-27T12:10:16","modified_gmt":"2026-04-27T09:10:16","slug":"puidust-noad-100tk-2","status":"publish","type":"product","link":"https:\/\/ursus.ee\/en\/toode\/puidust-noad-100tk-2\/","title":{"rendered":"Puidust noad 100tk"},"content":{"rendered":"<p>Go Green tootesari on valmistatud kiiresti taastuvatest looduslikest ressurssidest. Go Green s\u00f6\u00f6giriistad on valmistatud naturaalsest kasepuidust ning on looduses t\u00e4ielikult biolagunevad. Pakendis 100 \u00fchekordseks kasutamiseks m\u00f5eldud lusikat.<\/p>\n","protected":false},"excerpt":{"rendered":"<p>Go Green tootesari on valmistatud kiiresti taastuvatest looduslikest ressurssidest. Go Green s\u00f6\u00f6giriistad on valmistatud naturaalsest kasepuidust ning on looduses t\u00e4ielikult biolagunevad. Pakendis 100 \u00fchekordseks kasutamiseks m\u00f5eldud lusikat.<\/p>\n","protected":false},"featured_media":18247,"comment_status":"closed","ping_status":"closed","template":"","meta":{"_acf_changed":false},"product_brand":[637],"product_cat":[730],"product_tag":[],"class_list":{"0":"post-18070","1":"product","2":"type-product","3":"status-publish","4":"has-post-thumbnail","6":"product_brand-go-green","7":"product_cat-outlet","8":"pa_kogus-100-tk","9":"pa_koostis-kasepuit","10":"pa_paritolumaa-eesti","11":"pa_uhik-tk","13":"first","14":"instock","15":"sale","16":"taxable","17":"shipping-taxable","18":"purchasable","19":"product-type-simple"},"acf":[],"_links":{"self":[{"href":"https:\/\/ursus.ee\/en\/wp-json\/wp\/v2\/product\/18070","targetHints":{"allow":["GET"]}}],"collection":[{"href":"https:\/\/ursus.ee\/en\/wp-json\/wp\/v2\/product"}],"about":[{"href":"https:\/\/ursus.ee\/en\/wp-json\/wp\/v2\/types\/product"}],"replies":[{"embeddable":true,"href":"https:\/\/ursus.ee\/en\/wp-json\/wp\/v2\/comments?post=18070"}],"wp:featuredmedia":[{"embeddable":true,"href":"https:\/\/ursus.ee\/en\/wp-json\/wp\/v2\/media\/18247"}],"wp:attachment":[{"href":"https:\/\/ursus.ee\/en\/wp-json\/wp\/v2\/media?parent=18070"}],"wp:term":[{"taxonomy":"product_brand","embeddable":true,"href":"https:\/\/ursus.ee\/en\/wp-json\/wp\/v2\/product_brand?post=18070"},{"taxonomy":"product_cat","embeddable":true,"href":"https:\/\/ursus.ee\/en\/wp-json\/wp\/v2\/product_cat?post=18070"},{"taxonomy":"product_tag","embeddable":true,"href":"https:\/\/ursus.ee\/en\/wp-json\/wp\/v2\/product_tag?post=18070"}],"curies":[{"name":"wp","href":"https:\/\/api.w.org\/{rel}","templated":true}]}}