{"id":18064,"date":"2026-04-27T12:10:14","date_gmt":"2026-04-27T09:10:14","guid":{"rendered":"https:\/\/ursus.ee\/toode\/biolagunev-soogitops-230ml-25tk\/"},"modified":"2026-04-27T12:10:14","modified_gmt":"2026-04-27T09:10:14","slug":"biolagunev-soogitops-230ml-25tk","status":"publish","type":"product","link":"https:\/\/ursus.ee\/en\/toode\/biolagunev-soogitops-230ml-25tk\/","title":{"rendered":"Biolagunev s\u00f6\u00f6gitops 230ml 25tk"},"content":{"rendered":"<p>Go Green tootesari on valmistatud kiiresti taastuvatest looduslikest ressurssidest ja laguneb t\u00f6\u00f6stuslikus kompostris t\u00e4ielikult.<\/p>\n","protected":false},"excerpt":{"rendered":"<p>Go Green tootesari on valmistatud kiiresti taastuvatest looduslikest ressurssidest ja laguneb t\u00f6\u00f6stuslikus kompostris t\u00e4ielikult.<\/p>\n","protected":false},"featured_media":18232,"comment_status":"closed","ping_status":"closed","template":"","meta":{"_acf_changed":false},"product_brand":[637],"product_cat":[730],"product_tag":[],"class_list":{"0":"post-18064","1":"product","2":"type-product","3":"status-publish","4":"has-post-thumbnail","6":"product_brand-go-green","7":"product_cat-outlet","8":"pa_kogus-25-tk","9":"pa_paritolumaa-eesti","10":"pa_uhik-tk","12":"first","13":"instock","14":"sale","15":"taxable","16":"shipping-taxable","17":"purchasable","18":"product-type-simple"},"acf":[],"_links":{"self":[{"href":"https:\/\/ursus.ee\/en\/wp-json\/wp\/v2\/product\/18064","targetHints":{"allow":["GET"]}}],"collection":[{"href":"https:\/\/ursus.ee\/en\/wp-json\/wp\/v2\/product"}],"about":[{"href":"https:\/\/ursus.ee\/en\/wp-json\/wp\/v2\/types\/product"}],"replies":[{"embeddable":true,"href":"https:\/\/ursus.ee\/en\/wp-json\/wp\/v2\/comments?post=18064"}],"wp:featuredmedia":[{"embeddable":true,"href":"https:\/\/ursus.ee\/en\/wp-json\/wp\/v2\/media\/18232"}],"wp:attachment":[{"href":"https:\/\/ursus.ee\/en\/wp-json\/wp\/v2\/media?parent=18064"}],"wp:term":[{"taxonomy":"product_brand","embeddable":true,"href":"https:\/\/ursus.ee\/en\/wp-json\/wp\/v2\/product_brand?post=18064"},{"taxonomy":"product_cat","embeddable":true,"href":"https:\/\/ursus.ee\/en\/wp-json\/wp\/v2\/product_cat?post=18064"},{"taxonomy":"product_tag","embeddable":true,"href":"https:\/\/ursus.ee\/en\/wp-json\/wp\/v2\/product_tag?post=18064"}],"curies":[{"name":"wp","href":"https:\/\/api.w.org\/{rel}","templated":true}]}}