{"id":18063,"date":"2026-04-27T11:52:50","date_gmt":"2026-04-27T08:52:50","guid":{"rendered":"https:\/\/ursus.ee\/toode\/perforeeritud-puhastuslapid-5tk-2\/"},"modified":"2026-04-27T11:52:50","modified_gmt":"2026-04-27T08:52:50","slug":"perforeeritud-puhastuslapid-5tk-2","status":"publish","type":"product","link":"https:\/\/ursus.ee\/en\/toode\/perforeeritud-puhastuslapid-5tk-2\/","title":{"rendered":"Perforeeritud puhastuslapid 5tk"},"content":{"rendered":"<p>Perforeeritud puhastuslapid sobivad \u00fcldpuhastuseks k\u00f6\u00f6gis, elutoas ja vannitoas. H\u00e4sti imavad lapid ei kriimusta pindasid, sobivad kasutamiseks koos puhastusvahenditega<\/p>\n","protected":false},"excerpt":{"rendered":"<p>Perforeeritud puhastuslapid sobivad \u00fcldpuhastuseks k\u00f6\u00f6gis, elutoas ja vannitoas. H\u00e4sti imavad lapid ei kriimusta pindasid, sobivad kasutamiseks koos puhastusvahenditega<\/p>\n","protected":false},"featured_media":15808,"comment_status":"closed","ping_status":"open","template":"","meta":{"_acf_changed":false},"product_brand":[614],"product_cat":[730],"product_tag":[],"class_list":{"0":"post-18063","1":"product","2":"type-product","3":"status-publish","4":"has-post-thumbnail","6":"product_brand-casatrend","7":"product_cat-outlet","8":"pa_kogus-5-tk","9":"pa_paritolumaa-eesti","10":"pa_uhik-tk","12":"first","13":"instock","14":"sale","15":"taxable","16":"shipping-taxable","17":"purchasable","18":"product-type-simple"},"acf":[],"_links":{"self":[{"href":"https:\/\/ursus.ee\/en\/wp-json\/wp\/v2\/product\/18063","targetHints":{"allow":["GET"]}}],"collection":[{"href":"https:\/\/ursus.ee\/en\/wp-json\/wp\/v2\/product"}],"about":[{"href":"https:\/\/ursus.ee\/en\/wp-json\/wp\/v2\/types\/product"}],"replies":[{"embeddable":true,"href":"https:\/\/ursus.ee\/en\/wp-json\/wp\/v2\/comments?post=18063"}],"wp:featuredmedia":[{"embeddable":true,"href":"https:\/\/ursus.ee\/en\/wp-json\/wp\/v2\/media\/15808"}],"wp:attachment":[{"href":"https:\/\/ursus.ee\/en\/wp-json\/wp\/v2\/media?parent=18063"}],"wp:term":[{"taxonomy":"product_brand","embeddable":true,"href":"https:\/\/ursus.ee\/en\/wp-json\/wp\/v2\/product_brand?post=18063"},{"taxonomy":"product_cat","embeddable":true,"href":"https:\/\/ursus.ee\/en\/wp-json\/wp\/v2\/product_cat?post=18063"},{"taxonomy":"product_tag","embeddable":true,"href":"https:\/\/ursus.ee\/en\/wp-json\/wp\/v2\/product_tag?post=18063"}],"curies":[{"name":"wp","href":"https:\/\/api.w.org\/{rel}","templated":true}]}}