{"id":18062,"date":"2026-04-27T11:52:49","date_gmt":"2026-04-27T08:52:49","guid":{"rendered":"https:\/\/ursus.ee\/toode\/mikrokiudlapp-35x40cm-2tk-2\/"},"modified":"2026-04-27T11:52:50","modified_gmt":"2026-04-27T08:52:50","slug":"mikrokiudlapp-35x40cm-2tk-2","status":"publish","type":"product","link":"https:\/\/ursus.ee\/en\/toode\/mikrokiudlapp-35x40cm-2tk-2\/","title":{"rendered":"Mikrokiudlapp 35x40cm 2tk"},"content":{"rendered":"<p>Mikrokiudlapid sobivad igap\u00e4evaseks kasutamiseks nii m\u00e4rjalt kui ka kuivalt. Hea imavusv\u00f5imega, puhastavad mustuse ja rasva kerge vaevaga. V\u00f5ib kasutada koos puhastusvahenditega. Mikrokiudlapid on masinpestavad. J\u00e4lgi hooldusjuhiseid pakendil.<\/p>\n","protected":false},"excerpt":{"rendered":"<p>Mikrokiudlapid sobivad igap\u00e4evaseks kasutamiseks nii m\u00e4rjalt kui ka kuivalt. Hea imavusv\u00f5imega, puhastavad mustuse ja rasva kerge vaevaga. V\u00f5ib kasutada koos puhastusvahenditega. Mikrokiudlapid on masinpestavad. J\u00e4lgi hooldusjuhiseid pakendil.<\/p>\n","protected":false},"featured_media":15805,"comment_status":"closed","ping_status":"open","template":"","meta":{"_acf_changed":false},"product_brand":[614],"product_cat":[730],"product_tag":[],"class_list":{"0":"post-18062","1":"product","2":"type-product","3":"status-publish","4":"has-post-thumbnail","6":"product_brand-casatrend","7":"product_cat-outlet","8":"pa_kogus-2-tk","9":"pa_paritolumaa-eesti","10":"pa_uhik-tk","12":"first","13":"instock","14":"sale","15":"taxable","16":"shipping-taxable","17":"purchasable","18":"product-type-simple"},"acf":[],"_links":{"self":[{"href":"https:\/\/ursus.ee\/en\/wp-json\/wp\/v2\/product\/18062","targetHints":{"allow":["GET"]}}],"collection":[{"href":"https:\/\/ursus.ee\/en\/wp-json\/wp\/v2\/product"}],"about":[{"href":"https:\/\/ursus.ee\/en\/wp-json\/wp\/v2\/types\/product"}],"replies":[{"embeddable":true,"href":"https:\/\/ursus.ee\/en\/wp-json\/wp\/v2\/comments?post=18062"}],"wp:featuredmedia":[{"embeddable":true,"href":"https:\/\/ursus.ee\/en\/wp-json\/wp\/v2\/media\/15805"}],"wp:attachment":[{"href":"https:\/\/ursus.ee\/en\/wp-json\/wp\/v2\/media?parent=18062"}],"wp:term":[{"taxonomy":"product_brand","embeddable":true,"href":"https:\/\/ursus.ee\/en\/wp-json\/wp\/v2\/product_brand?post=18062"},{"taxonomy":"product_cat","embeddable":true,"href":"https:\/\/ursus.ee\/en\/wp-json\/wp\/v2\/product_cat?post=18062"},{"taxonomy":"product_tag","embeddable":true,"href":"https:\/\/ursus.ee\/en\/wp-json\/wp\/v2\/product_tag?post=18062"}],"curies":[{"name":"wp","href":"https:\/\/api.w.org\/{rel}","templated":true}]}}