{"id":18060,"date":"2026-04-27T11:52:49","date_gmt":"2026-04-27T08:52:49","guid":{"rendered":"https:\/\/ursus.ee\/toode\/kuurimissvammid-metallist-3tk-2\/"},"modified":"2026-04-27T11:52:49","modified_gmt":"2026-04-27T08:52:49","slug":"kuurimissvammid-metallist-3tk-2","status":"publish","type":"product","link":"https:\/\/ursus.ee\/en\/toode\/kuurimissvammid-metallist-3tk-2\/","title":{"rendered":"K\u00fc\u00fcrimissvammid metallist 3tk"},"content":{"rendered":"<p>Metallist k\u00fc\u00fcrimissvamm sobib tugeva mustuse ja k\u00fc\u00fcrimist vajavate pindade puhastamiseks. Puhastab t\u00f5husalt mustuse ja on vastupidav. Mitte puhastada \u00f5rnu pindu. Enne kasutamist proovida puhastada v\u00e4ljapaistmatus kohas. \u00dche svammi kaal 12 grammi, pakendis 3 puhastussvammi.<\/p>\n","protected":false},"excerpt":{"rendered":"<p>Metallist k\u00fc\u00fcrimissvamm sobib tugeva mustuse ja k\u00fc\u00fcrimist vajavate pindade puhastamiseks. Puhastab t\u00f5husalt mustuse ja on vastupidav. Mitte puhastada \u00f5rnu pindu. Enne kasutamist proovida puhastada v\u00e4ljapaistmatus kohas. \u00dche svammi kaal 12 grammi, pakendis 3 puhastussvammi.<\/p>\n","protected":false},"featured_media":15800,"comment_status":"closed","ping_status":"open","template":"","meta":{"_acf_changed":false},"product_brand":[614],"product_cat":[730],"product_tag":[],"class_list":{"0":"post-18060","1":"product","2":"type-product","3":"status-publish","4":"has-post-thumbnail","6":"product_brand-casatrend","7":"product_cat-outlet","8":"pa_kogus-3-tk","9":"pa_paritolumaa-eesti","10":"pa_uhik-tk","12":"first","13":"instock","14":"sale","15":"taxable","16":"shipping-taxable","17":"purchasable","18":"product-type-simple"},"acf":[],"_links":{"self":[{"href":"https:\/\/ursus.ee\/en\/wp-json\/wp\/v2\/product\/18060","targetHints":{"allow":["GET"]}}],"collection":[{"href":"https:\/\/ursus.ee\/en\/wp-json\/wp\/v2\/product"}],"about":[{"href":"https:\/\/ursus.ee\/en\/wp-json\/wp\/v2\/types\/product"}],"replies":[{"embeddable":true,"href":"https:\/\/ursus.ee\/en\/wp-json\/wp\/v2\/comments?post=18060"}],"wp:featuredmedia":[{"embeddable":true,"href":"https:\/\/ursus.ee\/en\/wp-json\/wp\/v2\/media\/15800"}],"wp:attachment":[{"href":"https:\/\/ursus.ee\/en\/wp-json\/wp\/v2\/media?parent=18060"}],"wp:term":[{"taxonomy":"product_brand","embeddable":true,"href":"https:\/\/ursus.ee\/en\/wp-json\/wp\/v2\/product_brand?post=18060"},{"taxonomy":"product_cat","embeddable":true,"href":"https:\/\/ursus.ee\/en\/wp-json\/wp\/v2\/product_cat?post=18060"},{"taxonomy":"product_tag","embeddable":true,"href":"https:\/\/ursus.ee\/en\/wp-json\/wp\/v2\/product_tag?post=18060"}],"curies":[{"name":"wp","href":"https:\/\/api.w.org\/{rel}","templated":true}]}}