{"id":18057,"date":"2026-04-16T17:50:14","date_gmt":"2026-04-16T14:50:14","guid":{"rendered":"https:\/\/ursus.ee\/toode\/teekann-malmist-soelaga-must-kuldne-085l-2\/"},"modified":"2026-04-27T12:17:59","modified_gmt":"2026-04-27T09:17:59","slug":"teekann-malmist-soelaga-must-kuldne-085l-2","status":"publish","type":"product","link":"https:\/\/ursus.ee\/en\/toode\/teekann-malmist-soelaga-must-kuldne-085l-2\/","title":{"rendered":"Teekann malmist, s\u00f5elaga must\/kuldne 0,85L"},"content":{"rendered":"<p>Teekannu sisepind on kaetud kuumuskindla emailkihiga ning v\u00e4lispind on v\u00e4rvitud malmist. Kannul on kaasas tees\u00f5el. Sobib kasutamiseks gaasi-, elektri-, puu- ja keraamilisel pliidil. Teekannu v\u00f5ib pesta ainult k\u00e4sitsi. Kannu maht 0,85L.<\/p>\n","protected":false},"excerpt":{"rendered":"<p>Teekannu sisepind on kaetud kuumuskindla emailkihiga ning v\u00e4lispind on v\u00e4rvitud malmist. Kannul on kaasas tees\u00f5el. Sobib kasutamiseks gaasi-, elektri-, puu- ja keraamilisel pliidil. Teekannu v\u00f5ib pesta ainult k\u00e4sitsi. Kannu maht 0,85L.<\/p>\n","protected":false},"featured_media":18203,"comment_status":"closed","ping_status":"closed","template":"","meta":{"_acf_changed":false},"product_brand":[621],"product_cat":[730],"product_tag":[],"class_list":{"0":"post-18057","1":"product","2":"type-product","3":"status-publish","4":"has-post-thumbnail","6":"product_brand-bakkjard","7":"product_cat-outlet","8":"pa_kogus-1-tk","9":"pa_paritolumaa-hiina","10":"pa_uhik-tk","12":"first","13":"instock","14":"sale","15":"taxable","16":"shipping-taxable","17":"purchasable","18":"product-type-simple"},"acf":[],"_links":{"self":[{"href":"https:\/\/ursus.ee\/en\/wp-json\/wp\/v2\/product\/18057","targetHints":{"allow":["GET"]}}],"collection":[{"href":"https:\/\/ursus.ee\/en\/wp-json\/wp\/v2\/product"}],"about":[{"href":"https:\/\/ursus.ee\/en\/wp-json\/wp\/v2\/types\/product"}],"replies":[{"embeddable":true,"href":"https:\/\/ursus.ee\/en\/wp-json\/wp\/v2\/comments?post=18057"}],"wp:featuredmedia":[{"embeddable":true,"href":"https:\/\/ursus.ee\/en\/wp-json\/wp\/v2\/media\/18203"}],"wp:attachment":[{"href":"https:\/\/ursus.ee\/en\/wp-json\/wp\/v2\/media?parent=18057"}],"wp:term":[{"taxonomy":"product_brand","embeddable":true,"href":"https:\/\/ursus.ee\/en\/wp-json\/wp\/v2\/product_brand?post=18057"},{"taxonomy":"product_cat","embeddable":true,"href":"https:\/\/ursus.ee\/en\/wp-json\/wp\/v2\/product_cat?post=18057"},{"taxonomy":"product_tag","embeddable":true,"href":"https:\/\/ursus.ee\/en\/wp-json\/wp\/v2\/product_tag?post=18057"}],"curies":[{"name":"wp","href":"https:\/\/api.w.org\/{rel}","templated":true}]}}